{"id":6983,"date":"2025-01-31T08:31:48","date_gmt":"2025-01-31T07:31:48","guid":{"rendered":"https:\/\/divainers.com\/producto\/divain-320\/"},"modified":"2026-04-30T16:18:07","modified_gmt":"2026-04-30T14:18:07","slug":"divain-320","status":"publish","type":"product","link":"https:\/\/divainers.com\/cs\/producto\/divain-320\/","title":{"rendered":"divain.320"},"content":{"rendered":"<p>\u017div\u00e1 a mu\u017en\u00e1 v\u016fn\u011b s \u010derstv\u00fdm a ovocn\u00fdm \u00favodem d\u00edky bergamotu a zelen\u00e9mu jablku, dopln\u011bn\u00e1 ko\u0159en\u011bn\u00fdm n\u00e1dechem kardamomu. V srdci v\u016fn\u011b se objevuj\u00ed aromatick\u00e9 t\u00f3ny levandule a rozmar\u00fdnu, kter\u00e9 dod\u00e1vaj\u00ed \u010dist\u00fd a modern\u00ed charakter, zat\u00edmco z\u00e1klad se st\u00e1v\u00e1 teplej\u0161\u00edm a obklopuj\u00edc\u00edm s ambrou, tonka fazolemi a hlubok\u00fdmi d\u0159evit\u00fdmi t\u00f3ny, vytv\u00e1\u0159ej\u00edc\u00ed vyv\u00e1\u017eenou v\u016fni mezi sv\u011b\u017eest\u00ed a smyslnost\u00ed, ide\u00e1ln\u00ed pro ka\u017edodenn\u00ed no\u0161en\u00ed.<\/p>\n","protected":false},"excerpt":{"rendered":"<p>P\u0159ipom\u00edn\u00e1 First Instinct Blue od Abercrombie &#038; Fitch<\/p>\n","protected":false},"featured_media":6984,"comment_status":"open","ping_status":"closed","template":"","meta":[],"product_brand":[],"product_cat":[1313],"product_tag":[1341],"class_list":{"0":"post-6983","1":"product","2":"type-product","3":"status-publish","4":"has-post-thumbnail","6":"product_cat-abercrombie-fitch","7":"product_tag-muzi","9":"first","10":"instock","11":"shipping-taxable","12":"product-type-simple"},"_links":{"self":[{"href":"https:\/\/divainers.com\/cs\/wp-json\/wp\/v2\/product\/6983","targetHints":{"allow":["GET"]}}],"collection":[{"href":"https:\/\/divainers.com\/cs\/wp-json\/wp\/v2\/product"}],"about":[{"href":"https:\/\/divainers.com\/cs\/wp-json\/wp\/v2\/types\/product"}],"replies":[{"embeddable":true,"href":"https:\/\/divainers.com\/cs\/wp-json\/wp\/v2\/comments?post=6983"}],"wp:featuredmedia":[{"embeddable":true,"href":"https:\/\/divainers.com\/cs\/wp-json\/wp\/v2\/media\/6984"}],"wp:attachment":[{"href":"https:\/\/divainers.com\/cs\/wp-json\/wp\/v2\/media?parent=6983"}],"wp:term":[{"taxonomy":"product_brand","embeddable":true,"href":"https:\/\/divainers.com\/cs\/wp-json\/wp\/v2\/product_brand?post=6983"},{"taxonomy":"product_cat","embeddable":true,"href":"https:\/\/divainers.com\/cs\/wp-json\/wp\/v2\/product_cat?post=6983"},{"taxonomy":"product_tag","embeddable":true,"href":"https:\/\/divainers.com\/cs\/wp-json\/wp\/v2\/product_tag?post=6983"}],"curies":[{"name":"wp","href":"https:\/\/api.w.org\/{rel}","templated":true}]}}