{"id":7083,"date":"2025-01-31T08:31:49","date_gmt":"2025-01-31T07:31:49","guid":{"rendered":"https:\/\/divainers.com\/producto\/divain-281\/"},"modified":"2026-04-30T16:18:08","modified_gmt":"2026-04-30T14:18:08","slug":"divain-281","status":"publish","type":"product","link":"https:\/\/divainers.com\/cs\/producto\/divain-281\/","title":{"rendered":"divain.281"},"content":{"rendered":"<p>Je to hlubok\u00e1 a sofistikovan\u00e1 v\u016fn\u011b, kter\u00e1 vynik\u00e1 intenzivn\u00ed p\u0159\u00edtomnost\u00ed oudu, vz\u00e1cn\u00e9 prysky\u0159ice zn\u00e1m\u00e9 sv\u00fdm tepl\u00fdm, zemit\u00fdm a d\u0159evit\u00fdm aroma. V\u016fn\u011b se otev\u00edr\u00e1 sv\u011b\u017e\u00edmi a ko\u0159en\u011bn\u00fdmi t\u00f3ny, dopln\u011bn\u00fdmi siln\u00fdm charakterem oudu, kter\u00fd se prol\u00edn\u00e1 s n\u00e1dechem r\u016f\u017ee a \u0161afr\u00e1nov\u00e9ho kv\u011btu v srdci. V z\u00e1kladu najdeme t\u00f3ny k\u016f\u017ee, cedrov\u00e9ho d\u0159eva a pi\u017ema, kter\u00e9 dod\u00e1vaj\u00ed tepl\u00fd a obklopuj\u00edc\u00ed z\u00e1klad. Je to parf\u00e9m, kter\u00fd evokuje luxus, eleganci a exkluzivitu, ide\u00e1ln\u00ed pro zvl\u00e1\u0161tn\u00ed p\u0159\u00edle\u017eitosti a pro ty, kte\u0159\u00ed hledaj\u00ed v\u00fdraznou a dlouhotrvaj\u00edc\u00ed v\u016fni.<\/p>\n","protected":false},"excerpt":{"rendered":"<p>P\u0159ipom\u00edn\u00e1 Oud od Acqua di Parma<\/p>\n","protected":false},"featured_media":7085,"comment_status":"open","ping_status":"closed","template":"","meta":[],"product_brand":[],"product_cat":[1395],"product_tag":[1341],"class_list":{"0":"post-7083","1":"product","2":"type-product","3":"status-publish","4":"has-post-thumbnail","6":"product_cat-acqua-di-parma","7":"product_tag-muzi","9":"first","10":"instock","11":"shipping-taxable","12":"product-type-simple"},"_links":{"self":[{"href":"https:\/\/divainers.com\/cs\/wp-json\/wp\/v2\/product\/7083","targetHints":{"allow":["GET"]}}],"collection":[{"href":"https:\/\/divainers.com\/cs\/wp-json\/wp\/v2\/product"}],"about":[{"href":"https:\/\/divainers.com\/cs\/wp-json\/wp\/v2\/types\/product"}],"replies":[{"embeddable":true,"href":"https:\/\/divainers.com\/cs\/wp-json\/wp\/v2\/comments?post=7083"}],"wp:featuredmedia":[{"embeddable":true,"href":"https:\/\/divainers.com\/cs\/wp-json\/wp\/v2\/media\/7085"}],"wp:attachment":[{"href":"https:\/\/divainers.com\/cs\/wp-json\/wp\/v2\/media?parent=7083"}],"wp:term":[{"taxonomy":"product_brand","embeddable":true,"href":"https:\/\/divainers.com\/cs\/wp-json\/wp\/v2\/product_brand?post=7083"},{"taxonomy":"product_cat","embeddable":true,"href":"https:\/\/divainers.com\/cs\/wp-json\/wp\/v2\/product_cat?post=7083"},{"taxonomy":"product_tag","embeddable":true,"href":"https:\/\/divainers.com\/cs\/wp-json\/wp\/v2\/product_tag?post=7083"}],"curies":[{"name":"wp","href":"https:\/\/api.w.org\/{rel}","templated":true}]}}