{"id":7213,"date":"2025-01-31T08:31:48","date_gmt":"2025-01-31T07:31:48","guid":{"rendered":"https:\/\/divainers.com\/producto\/divain-276\/"},"modified":"2026-04-30T16:18:10","modified_gmt":"2026-04-30T14:18:10","slug":"divain-276","status":"publish","type":"product","link":"https:\/\/divainers.com\/cs\/producto\/divain-276\/","title":{"rendered":"divain.276"},"content":{"rendered":"<p>Je to klasick\u00e1 a rafinovan\u00e1 v\u016fn\u011b, kter\u00e1 vynik\u00e1 svou sv\u011b\u017eest\u00ed a nad\u010dasovou eleganc\u00ed. S citrusov\u00fdm a sv\u011b\u017e\u00edm z\u00e1kladem, \u00favodn\u00ed t\u00f3ny zahrnuj\u00ed citron, pomeran\u010d a bergamot, kter\u00e9 p\u0159in\u00e1\u0161ej\u00ed osv\u011b\u017euj\u00edc\u00ed pocit. V srdci se nach\u00e1zej\u00ed kv\u011btinov\u00e9 aroma jako levandule, jasm\u00edn a r\u016f\u017ee, co\u017e dod\u00e1v\u00e1 n\u00e1dech sofistikovanosti. D\u0159evit\u00e1 z\u00e1kladna s t\u00f3ny vetiveru, santalov\u00e9ho d\u0159eva a pa\u010duli dod\u00e1v\u00e1 hloubku a v\u00fddr\u017e. Ide\u00e1ln\u00ed pro mu\u017ee, kter\u00fd ocen\u00ed sv\u011b\u017e\u00ed v\u016fn\u011b s jemnou slo\u017eitost\u00ed, kter\u00e1 p\u0159etrv\u00e1v\u00e1 po cel\u00fd den.<\/p>\n","protected":false},"excerpt":{"rendered":"<p>P\u0159ipom\u00edn\u00e1 Acqua Di Parma od Acqua di Parma<\/p>\n","protected":false},"featured_media":7216,"comment_status":"open","ping_status":"closed","template":"","meta":[],"product_brand":[],"product_cat":[1395],"product_tag":[1407],"class_list":{"0":"post-7213","1":"product","2":"type-product","3":"status-publish","4":"has-post-thumbnail","6":"product_cat-acqua-di-parma","7":"product_tag-unisex","9":"first","10":"instock","11":"shipping-taxable","12":"product-type-simple"},"_links":{"self":[{"href":"https:\/\/divainers.com\/cs\/wp-json\/wp\/v2\/product\/7213","targetHints":{"allow":["GET"]}}],"collection":[{"href":"https:\/\/divainers.com\/cs\/wp-json\/wp\/v2\/product"}],"about":[{"href":"https:\/\/divainers.com\/cs\/wp-json\/wp\/v2\/types\/product"}],"replies":[{"embeddable":true,"href":"https:\/\/divainers.com\/cs\/wp-json\/wp\/v2\/comments?post=7213"}],"wp:featuredmedia":[{"embeddable":true,"href":"https:\/\/divainers.com\/cs\/wp-json\/wp\/v2\/media\/7216"}],"wp:attachment":[{"href":"https:\/\/divainers.com\/cs\/wp-json\/wp\/v2\/media?parent=7213"}],"wp:term":[{"taxonomy":"product_brand","embeddable":true,"href":"https:\/\/divainers.com\/cs\/wp-json\/wp\/v2\/product_brand?post=7213"},{"taxonomy":"product_cat","embeddable":true,"href":"https:\/\/divainers.com\/cs\/wp-json\/wp\/v2\/product_cat?post=7213"},{"taxonomy":"product_tag","embeddable":true,"href":"https:\/\/divainers.com\/cs\/wp-json\/wp\/v2\/product_tag?post=7213"}],"curies":[{"name":"wp","href":"https:\/\/api.w.org\/{rel}","templated":true}]}}