{"id":7228,"date":"2025-01-31T08:31:49","date_gmt":"2025-01-31T07:31:49","guid":{"rendered":"https:\/\/divainers.com\/producto\/divain-443\/"},"modified":"2026-04-30T16:18:10","modified_gmt":"2026-04-30T14:18:10","slug":"divain-443","status":"publish","type":"product","link":"https:\/\/divainers.com\/cs\/producto\/divain-443\/","title":{"rendered":"divain.443"},"content":{"rendered":"<p>\u010cerstv\u00e1 a z\u00e1\u0159iv\u00e1 v\u016fn\u011b, kter\u00e1 v\u00e1s p\u0159enese k st\u0159edomo\u0159sk\u00e9mu v\u00e1nku, kde slunce hlad\u00ed poko\u017eku a mo\u0159e \u0161ept\u00e1 na obzoru. Od prvn\u00edho okam\u017eiku probouz\u00ed vitalita myrty a jisk\u0159iv\u00e9 italsk\u00e9 citrusy smysly z\u00e1\u0159ivou energi\u00ed. V srdci v\u016fn\u011b jalovec a kv\u011btinov\u00e9 t\u00f3ny p\u0159id\u00e1vaj\u00ed aromatick\u00fd a jemn\u00fd n\u00e1dech, evokuj\u00edc\u00ed p\u0159\u00edrodu v jej\u00ed nej\u010dist\u0161\u00ed podob\u011b. Nakonec jantarovo-pi\u017emov\u00e9 t\u00f3ny zanech\u00e1vaj\u00ed jemnou, obklopuj\u00edc\u00ed a elegantn\u00ed stopu. Osv\u011b\u017euj\u00edc\u00ed a sofistikovan\u00e1 v\u016fn\u011b, ide\u00e1ln\u00ed pro ty, kte\u0159\u00ed hledaj\u00ed sv\u011b\u017eest, klid a st\u0159edomo\u0159sk\u00fd \u00fanik.<\/p>\n","protected":false},"excerpt":{"rendered":"<p>P\u0159ipom\u00edn\u00e1 Blue Mediterraneo Mirto di Panarea od Acqua Di Parma<\/p>\n","protected":false},"featured_media":7231,"comment_status":"open","ping_status":"closed","template":"","meta":[],"product_brand":[],"product_cat":[1388],"product_tag":[1389],"class_list":{"0":"post-7228","1":"product","2":"type-product","3":"status-publish","4":"has-post-thumbnail","6":"product_cat-acqua-di-parma","7":"product_tag-unisex","9":"first","10":"instock","11":"shipping-taxable","12":"product-type-simple"},"_links":{"self":[{"href":"https:\/\/divainers.com\/cs\/wp-json\/wp\/v2\/product\/7228","targetHints":{"allow":["GET"]}}],"collection":[{"href":"https:\/\/divainers.com\/cs\/wp-json\/wp\/v2\/product"}],"about":[{"href":"https:\/\/divainers.com\/cs\/wp-json\/wp\/v2\/types\/product"}],"replies":[{"embeddable":true,"href":"https:\/\/divainers.com\/cs\/wp-json\/wp\/v2\/comments?post=7228"}],"wp:featuredmedia":[{"embeddable":true,"href":"https:\/\/divainers.com\/cs\/wp-json\/wp\/v2\/media\/7231"}],"wp:attachment":[{"href":"https:\/\/divainers.com\/cs\/wp-json\/wp\/v2\/media?parent=7228"}],"wp:term":[{"taxonomy":"product_brand","embeddable":true,"href":"https:\/\/divainers.com\/cs\/wp-json\/wp\/v2\/product_brand?post=7228"},{"taxonomy":"product_cat","embeddable":true,"href":"https:\/\/divainers.com\/cs\/wp-json\/wp\/v2\/product_cat?post=7228"},{"taxonomy":"product_tag","embeddable":true,"href":"https:\/\/divainers.com\/cs\/wp-json\/wp\/v2\/product_tag?post=7228"}],"curies":[{"name":"wp","href":"https:\/\/api.w.org\/{rel}","templated":true}]}}