{"id":7296,"date":"2025-01-31T08:31:50","date_gmt":"2025-01-31T07:31:50","guid":{"rendered":"https:\/\/divainers.com\/producto\/divain-049\/"},"modified":"2026-04-30T16:18:12","modified_gmt":"2026-04-30T14:18:12","slug":"divain-049","status":"publish","type":"product","link":"https:\/\/divainers.com\/cs\/producto\/divain-049\/","title":{"rendered":"divain.049"},"content":{"rendered":"<p>\u010cerstv\u00e1 a p\u0159irozen\u00e1 v\u016fn\u011b, kter\u00e1 evokuje klid a rovnov\u00e1hu p\u0159\u00edrody. Jej\u00ed \u017eiv\u00fd \u00favod citrus\u016f a zelen\u00fdch t\u00f3n\u016f p\u0159in\u00e1\u0161\u00ed lehk\u00fd a osv\u011b\u017euj\u00edc\u00ed pocit, zat\u00edmco aromatick\u00e9 srdce z bambusu a jemn\u00fdch ko\u0159en\u00ed dod\u00e1v\u00e1 exotick\u00fd a sofistikovan\u00fd n\u00e1dech. V z\u00e1kladu cedr, jantar a pi\u017emo vytv\u00e1\u0159ej\u00ed tepl\u00fd a obklopuj\u00edc\u00ed stopu, ide\u00e1ln\u00ed pro mu\u017ee, kter\u00fd hled\u00e1 sv\u011b\u017eest, eleganci a harmonii ve sv\u00e9m ka\u017edodenn\u00edm \u017eivot\u011b.<\/p>\n","protected":false},"excerpt":{"rendered":"<p>P\u0159ipom\u00edn\u00e1 Bamb\u00fa od Adolfo Dominguez<\/p>\n","protected":false},"featured_media":7299,"comment_status":"open","ping_status":"closed","template":"","meta":[],"product_brand":[],"product_cat":[1423],"product_tag":[1343],"class_list":{"0":"post-7296","1":"product","2":"type-product","3":"status-publish","4":"has-post-thumbnail","6":"product_cat-adolfo-dominguez","7":"product_tag-hommes","9":"first","10":"instock","11":"shipping-taxable","12":"product-type-simple"},"_links":{"self":[{"href":"https:\/\/divainers.com\/cs\/wp-json\/wp\/v2\/product\/7296","targetHints":{"allow":["GET"]}}],"collection":[{"href":"https:\/\/divainers.com\/cs\/wp-json\/wp\/v2\/product"}],"about":[{"href":"https:\/\/divainers.com\/cs\/wp-json\/wp\/v2\/types\/product"}],"replies":[{"embeddable":true,"href":"https:\/\/divainers.com\/cs\/wp-json\/wp\/v2\/comments?post=7296"}],"wp:featuredmedia":[{"embeddable":true,"href":"https:\/\/divainers.com\/cs\/wp-json\/wp\/v2\/media\/7299"}],"wp:attachment":[{"href":"https:\/\/divainers.com\/cs\/wp-json\/wp\/v2\/media?parent=7296"}],"wp:term":[{"taxonomy":"product_brand","embeddable":true,"href":"https:\/\/divainers.com\/cs\/wp-json\/wp\/v2\/product_brand?post=7296"},{"taxonomy":"product_cat","embeddable":true,"href":"https:\/\/divainers.com\/cs\/wp-json\/wp\/v2\/product_cat?post=7296"},{"taxonomy":"product_tag","embeddable":true,"href":"https:\/\/divainers.com\/cs\/wp-json\/wp\/v2\/product_tag?post=7296"}],"curies":[{"name":"wp","href":"https:\/\/api.w.org\/{rel}","templated":true}]}}