{"id":7321,"date":"2025-01-31T08:31:50","date_gmt":"2025-01-31T07:31:50","guid":{"rendered":"https:\/\/divainers.com\/producto\/divain-031\/"},"modified":"2026-04-30T16:18:12","modified_gmt":"2026-04-30T14:18:12","slug":"divain-031","status":"publish","type":"product","link":"https:\/\/divainers.com\/cs\/producto\/divain-031\/","title":{"rendered":"divain.031"},"content":{"rendered":"<p>P\u0159irozen\u00e1 a osv\u011b\u017euj\u00edc\u00ed v\u016fn\u011b, kter\u00e1 evokuje sv\u011b\u017eest p\u0159\u00edrody v jej\u00ed nej\u010dist\u0161\u00ed podob\u011b. Citrusov\u00fd \u00favod bergamotu a mandarinky se spojuje s aromatick\u00fdm srdcem rozmar\u00fdnu, levandule a koriandru, vytv\u00e1\u0159ej\u00edc\u00ed \u010dist\u00fd a energizuj\u00edc\u00ed pocit. V z\u00e1kladu dubov\u00fd mech, vetiver a santal dod\u00e1vaj\u00ed hloubku a eleganci, zanech\u00e1vaj\u00edce lehkou, ale sofistikovanou stopu. Perfektn\u00ed pro ty, kte\u0159\u00ed hledaj\u00ed sv\u011b\u017e\u00ed, vyv\u00e1\u017eenou a nad\u010dasovou v\u016fni.<\/p>\n","protected":false},"excerpt":{"rendered":"<p>P\u0159ipom\u00edn\u00e1 Agua Fresca od Adolfo Dominguez<\/p>\n","protected":false},"featured_media":7324,"comment_status":"open","ping_status":"closed","template":"","meta":[],"product_brand":[],"product_cat":[1429],"product_tag":[1341],"class_list":{"0":"post-7321","1":"product","2":"type-product","3":"status-publish","4":"has-post-thumbnail","6":"product_cat-adolfo-dominguez","7":"product_tag-muzi","9":"first","10":"instock","11":"shipping-taxable","12":"product-type-simple"},"_links":{"self":[{"href":"https:\/\/divainers.com\/cs\/wp-json\/wp\/v2\/product\/7321","targetHints":{"allow":["GET"]}}],"collection":[{"href":"https:\/\/divainers.com\/cs\/wp-json\/wp\/v2\/product"}],"about":[{"href":"https:\/\/divainers.com\/cs\/wp-json\/wp\/v2\/types\/product"}],"replies":[{"embeddable":true,"href":"https:\/\/divainers.com\/cs\/wp-json\/wp\/v2\/comments?post=7321"}],"wp:featuredmedia":[{"embeddable":true,"href":"https:\/\/divainers.com\/cs\/wp-json\/wp\/v2\/media\/7324"}],"wp:attachment":[{"href":"https:\/\/divainers.com\/cs\/wp-json\/wp\/v2\/media?parent=7321"}],"wp:term":[{"taxonomy":"product_brand","embeddable":true,"href":"https:\/\/divainers.com\/cs\/wp-json\/wp\/v2\/product_brand?post=7321"},{"taxonomy":"product_cat","embeddable":true,"href":"https:\/\/divainers.com\/cs\/wp-json\/wp\/v2\/product_cat?post=7321"},{"taxonomy":"product_tag","embeddable":true,"href":"https:\/\/divainers.com\/cs\/wp-json\/wp\/v2\/product_tag?post=7321"}],"curies":[{"name":"wp","href":"https:\/\/api.w.org\/{rel}","templated":true}]}}