{"id":739,"date":"2025-01-31T08:32:41","date_gmt":"2025-01-31T07:32:41","guid":{"rendered":"https:\/\/divainers.com\/producto\/divain-198\/"},"modified":"2026-04-30T15:58:27","modified_gmt":"2026-04-30T13:58:27","slug":"divain-198","status":"publish","type":"product","link":"https:\/\/divainers.com\/cs\/producto\/divain-198\/","title":{"rendered":"divain.198"},"content":{"rendered":"<p>Odva\u017ean i izrazito \u017eenstven miris koji odi\u0161e senzualno\u0161\u0107u i hrabro\u0161\u0107u u svakoj noti. Njegov \u017eivahan po\u010detak spaja so\u010dnost krvave naran\u010de s blistavim dodirom mandarine, stvaraju\u0107i zarazni osje\u0107aj svje\u017eine. U srcu, zlatni med se stapa s gardenijom i jasminom, donose\u0107i obavijaju\u0107u i luksuznu slatko\u0107u. Na kraju, baza od pa\u010dulija i karamela daje dubinu i karakter, ostavljaju\u0107i intenzivan i zavodljiv trag. Idealno za \u017eene koje zra\u010de samopouzdanjem i vole ostaviti dojam provokativnim i nezaboravnim mirisom.<\/p>\n","protected":false},"excerpt":{"rendered":"<p>Podsje\u0107a na Scandal od Jean Paul Gaultier<\/p>\n","protected":false},"featured_media":15257,"comment_status":"open","ping_status":"closed","template":"","meta":[],"product_brand":[],"product_cat":[1296],"product_tag":[1434],"class_list":{"0":"post-739","1":"product","2":"type-product","3":"status-publish","4":"has-post-thumbnail","6":"product_cat-jean-paul-gaultier","7":"product_tag-zene","9":"first","10":"instock","11":"shipping-taxable","12":"product-type-simple"},"_links":{"self":[{"href":"https:\/\/divainers.com\/cs\/wp-json\/wp\/v2\/product\/739","targetHints":{"allow":["GET"]}}],"collection":[{"href":"https:\/\/divainers.com\/cs\/wp-json\/wp\/v2\/product"}],"about":[{"href":"https:\/\/divainers.com\/cs\/wp-json\/wp\/v2\/types\/product"}],"replies":[{"embeddable":true,"href":"https:\/\/divainers.com\/cs\/wp-json\/wp\/v2\/comments?post=739"}],"wp:featuredmedia":[{"embeddable":true,"href":"https:\/\/divainers.com\/cs\/wp-json\/wp\/v2\/media\/15257"}],"wp:attachment":[{"href":"https:\/\/divainers.com\/cs\/wp-json\/wp\/v2\/media?parent=739"}],"wp:term":[{"taxonomy":"product_brand","embeddable":true,"href":"https:\/\/divainers.com\/cs\/wp-json\/wp\/v2\/product_brand?post=739"},{"taxonomy":"product_cat","embeddable":true,"href":"https:\/\/divainers.com\/cs\/wp-json\/wp\/v2\/product_cat?post=739"},{"taxonomy":"product_tag","embeddable":true,"href":"https:\/\/divainers.com\/cs\/wp-json\/wp\/v2\/product_tag?post=739"}],"curies":[{"name":"wp","href":"https:\/\/api.w.org\/{rel}","templated":true}]}}