{"id":7619,"date":"2025-01-31T08:32:01","date_gmt":"2025-01-31T07:32:01","guid":{"rendered":"https:\/\/divainers.com\/producto\/divain-003\/"},"modified":"2026-04-30T16:18:15","modified_gmt":"2026-04-30T14:18:15","slug":"divain-003","status":"publish","type":"product","link":"https:\/\/divainers.com\/cs\/producto\/divain-003\/","title":{"rendered":"divain.003"},"content":{"rendered":"<p>P\u0159edstavte si smyslovou cestu, kde se nad\u010dasov\u00e1 elegance setk\u00e1v\u00e1 s dobrodru\u017estv\u00edm. Tato v\u016fn\u011b kombinuje teplo k\u016f\u017ee a vanilky s ko\u0159en\u011bn\u00fdm magnetismem \u0161afr\u00e1nu a mu\u0161k\u00e1tov\u00e9ho o\u0159\u00ed\u0161ku. Dotek sv\u011b\u017e\u00edch citrus\u016f se prol\u00edn\u00e1 se srdcem z u\u0161lechtil\u00e9ho d\u0159eva a obklopuj\u00edc\u00edm z\u00e1kladem z jantaru a vetiveru, vytv\u00e1\u0159ej\u00edc\u00ed sofistikovanou, mu\u017enou a sv\u016fdnou v\u016fni. Ide\u00e1ln\u00ed pro ty, kte\u0159\u00ed hledaj\u00ed v\u00fdjime\u010dnost a charakter v ka\u017ed\u00e9 esenci.<\/p>\n","protected":false},"excerpt":{"rendered":"<p>P\u0159ipom\u00edn\u00e1 CH Men od Carolina Herrera<\/p>\n","protected":false},"featured_media":7618,"comment_status":"open","ping_status":"closed","template":"","meta":[],"product_brand":[],"product_cat":[1526],"product_tag":[1341],"class_list":{"0":"post-7619","1":"product","2":"type-product","3":"status-publish","4":"has-post-thumbnail","6":"product_cat-carolina-herrera","7":"product_tag-muzi","9":"first","10":"instock","11":"shipping-taxable","12":"product-type-simple"},"_links":{"self":[{"href":"https:\/\/divainers.com\/cs\/wp-json\/wp\/v2\/product\/7619","targetHints":{"allow":["GET"]}}],"collection":[{"href":"https:\/\/divainers.com\/cs\/wp-json\/wp\/v2\/product"}],"about":[{"href":"https:\/\/divainers.com\/cs\/wp-json\/wp\/v2\/types\/product"}],"replies":[{"embeddable":true,"href":"https:\/\/divainers.com\/cs\/wp-json\/wp\/v2\/comments?post=7619"}],"wp:featuredmedia":[{"embeddable":true,"href":"https:\/\/divainers.com\/cs\/wp-json\/wp\/v2\/media\/7618"}],"wp:attachment":[{"href":"https:\/\/divainers.com\/cs\/wp-json\/wp\/v2\/media?parent=7619"}],"wp:term":[{"taxonomy":"product_brand","embeddable":true,"href":"https:\/\/divainers.com\/cs\/wp-json\/wp\/v2\/product_brand?post=7619"},{"taxonomy":"product_cat","embeddable":true,"href":"https:\/\/divainers.com\/cs\/wp-json\/wp\/v2\/product_cat?post=7619"},{"taxonomy":"product_tag","embeddable":true,"href":"https:\/\/divainers.com\/cs\/wp-json\/wp\/v2\/product_tag?post=7619"}],"curies":[{"name":"wp","href":"https:\/\/api.w.org\/{rel}","templated":true}]}}