{"id":7663,"date":"2025-01-31T08:32:01","date_gmt":"2025-01-31T07:32:01","guid":{"rendered":"https:\/\/divainers.com\/producto\/divain-004\/"},"modified":"2026-04-30T16:18:15","modified_gmt":"2026-04-30T14:18:15","slug":"divain-004","status":"publish","type":"product","link":"https:\/\/divainers.com\/cs\/producto\/divain-004\/","title":{"rendered":"divain.004"},"content":{"rendered":"<p>Exploze sv\u011b\u017eesti a dynamiky, kter\u00e1 evokuje pulzuj\u00edc\u00ed energii m\u011bsta. Tato v\u016fn\u011b kombinuje osv\u011b\u017euj\u00edc\u00ed citrusov\u00e9 t\u00f3ny s ko\u0159en\u011bn\u00fdm srdcem pep\u0159e a z\u00e1zvoru, vytv\u00e1\u0159ej\u00edc\u00ed sofistikovan\u00fd a modern\u00ed kontrast. Jej\u00ed d\u0159evit\u00fd z\u00e1klad s n\u00e1dechem pi\u017ema a santalov\u00e9ho d\u0159eva p\u0159in\u00e1\u0161\u00ed hloubku a magnetismus, zanech\u00e1vaj\u00edc\u00ed elegantn\u00ed a sv\u016fdnou stopu. Ide\u00e1ln\u00ed pro kosmopolitn\u00edho mu\u017ee, sebev\u011bdom\u00e9ho a s nezam\u011bniteln\u00fdm stylem.<\/p>\n","protected":false},"excerpt":{"rendered":"<p>P\u0159ipom\u00edn\u00e1 212 Men od Carolina Herrera<\/p>\n","protected":false},"featured_media":7662,"comment_status":"open","ping_status":"closed","template":"","meta":[],"product_brand":[],"product_cat":[1539],"product_tag":[1370],"class_list":{"0":"post-7663","1":"product","2":"type-product","3":"status-publish","4":"has-post-thumbnail","6":"product_cat-carolina-herrera","7":"product_tag-uomo","9":"first","10":"instock","11":"shipping-taxable","12":"product-type-simple"},"_links":{"self":[{"href":"https:\/\/divainers.com\/cs\/wp-json\/wp\/v2\/product\/7663","targetHints":{"allow":["GET"]}}],"collection":[{"href":"https:\/\/divainers.com\/cs\/wp-json\/wp\/v2\/product"}],"about":[{"href":"https:\/\/divainers.com\/cs\/wp-json\/wp\/v2\/types\/product"}],"replies":[{"embeddable":true,"href":"https:\/\/divainers.com\/cs\/wp-json\/wp\/v2\/comments?post=7663"}],"wp:featuredmedia":[{"embeddable":true,"href":"https:\/\/divainers.com\/cs\/wp-json\/wp\/v2\/media\/7662"}],"wp:attachment":[{"href":"https:\/\/divainers.com\/cs\/wp-json\/wp\/v2\/media?parent=7663"}],"wp:term":[{"taxonomy":"product_brand","embeddable":true,"href":"https:\/\/divainers.com\/cs\/wp-json\/wp\/v2\/product_brand?post=7663"},{"taxonomy":"product_cat","embeddable":true,"href":"https:\/\/divainers.com\/cs\/wp-json\/wp\/v2\/product_cat?post=7663"},{"taxonomy":"product_tag","embeddable":true,"href":"https:\/\/divainers.com\/cs\/wp-json\/wp\/v2\/product_tag?post=7663"}],"curies":[{"name":"wp","href":"https:\/\/api.w.org\/{rel}","templated":true}]}}