{"id":7792,"date":"2025-01-31T08:31:51","date_gmt":"2025-01-31T07:31:51","guid":{"rendered":"https:\/\/divainers.com\/producto\/divain-411\/"},"modified":"2026-04-30T16:18:16","modified_gmt":"2026-04-30T14:18:16","slug":"divain-411","status":"publish","type":"product","link":"https:\/\/divainers.com\/cs\/producto\/divain-411\/","title":{"rendered":"divain.411"},"content":{"rendered":"<p>V\u016fn\u011b, kter\u00e1 vyva\u017euje sv\u011b\u017eest a hloubku s okouzluj\u00edc\u00ed kombinac\u00ed aromatick\u00fdch a prysky\u0159i\u010dn\u00fdch t\u00f3n\u016f. \u00davod je \u017eiv\u00fd a ko\u0159en\u011bn\u00fd, s mentolov\u00fdm n\u00e1dechem, kter\u00fd p\u0159in\u00e1\u0161\u00ed osv\u011b\u017euj\u00edc\u00ed a povzbuzuj\u00edc\u00ed pocit. Jak v\u016fn\u011b dozr\u00e1v\u00e1, odhaluje tepl\u00e9 a zemit\u011bj\u0161\u00ed srdce, kde se d\u0159evit\u00e9 a prysky\u0159i\u010dn\u00e9 t\u00f3ny prol\u00ednaj\u00ed s balzamick\u00fdmi a kou\u0159ov\u00fdmi akordy. Z\u00e1klad je bohat\u00fd a trval\u00fd, s jantarov\u00fdmi a ko\u017een\u00fdmi t\u00f3ny, kter\u00e9 dod\u00e1vaj\u00ed dlouhotrvaj\u00edc\u00ed eleganci. Ide\u00e1ln\u00ed pro ty, kte\u0159\u00ed hledaj\u00ed sofistikovanou a obklopuj\u00edc\u00ed v\u016fni s poutav\u00fdm kontrastem mezi sv\u011b\u017eest\u00ed a teplem.<\/p>\n","protected":false},"excerpt":{"rendered":"<p>P\u0159ipom\u00edn\u00e1 Enclave od Amouage<\/p>\n","protected":false},"featured_media":7788,"comment_status":"open","ping_status":"closed","template":"","meta":[],"product_brand":[],"product_cat":[1553],"product_tag":[1407],"class_list":{"0":"post-7792","1":"product","2":"type-product","3":"status-publish","4":"has-post-thumbnail","6":"product_cat-amouage","7":"product_tag-unisex","9":"first","10":"instock","11":"shipping-taxable","12":"product-type-simple"},"_links":{"self":[{"href":"https:\/\/divainers.com\/cs\/wp-json\/wp\/v2\/product\/7792","targetHints":{"allow":["GET"]}}],"collection":[{"href":"https:\/\/divainers.com\/cs\/wp-json\/wp\/v2\/product"}],"about":[{"href":"https:\/\/divainers.com\/cs\/wp-json\/wp\/v2\/types\/product"}],"replies":[{"embeddable":true,"href":"https:\/\/divainers.com\/cs\/wp-json\/wp\/v2\/comments?post=7792"}],"wp:featuredmedia":[{"embeddable":true,"href":"https:\/\/divainers.com\/cs\/wp-json\/wp\/v2\/media\/7788"}],"wp:attachment":[{"href":"https:\/\/divainers.com\/cs\/wp-json\/wp\/v2\/media?parent=7792"}],"wp:term":[{"taxonomy":"product_brand","embeddable":true,"href":"https:\/\/divainers.com\/cs\/wp-json\/wp\/v2\/product_brand?post=7792"},{"taxonomy":"product_cat","embeddable":true,"href":"https:\/\/divainers.com\/cs\/wp-json\/wp\/v2\/product_cat?post=7792"},{"taxonomy":"product_tag","embeddable":true,"href":"https:\/\/divainers.com\/cs\/wp-json\/wp\/v2\/product_tag?post=7792"}],"curies":[{"name":"wp","href":"https:\/\/api.w.org\/{rel}","templated":true}]}}