{"id":7836,"date":"2025-01-31T08:31:51","date_gmt":"2025-01-31T07:31:51","guid":{"rendered":"https:\/\/divainers.com\/producto\/divain-153\/"},"modified":"2026-04-30T16:18:16","modified_gmt":"2026-04-30T14:18:16","slug":"divain-153","status":"publish","type":"product","link":"https:\/\/divainers.com\/cs\/producto\/divain-153\/","title":{"rendered":"divain.153"},"content":{"rendered":"<p>Elegantn\u00ed a nad\u010dasov\u00e1 v\u016fn\u011b, kter\u00e1 obklopuje smysly svou sofistikovanou sv\u011b\u017eest\u00ed a jemnou \u017eenskost\u00ed. Citrusov\u00fd \u00favod bergamotu a mandarinky p\u0159in\u00e1\u0161\u00ed sv\u011btl\u00fd a \u017eiv\u00fd pocit. V srdci se rozv\u00edj\u00ed jemn\u00e1 kytice fr\u00e9zie, konvalinky a jasm\u00ednu, kter\u00e1 odhaluje \u010distou a jemn\u011b sv\u016fdnou kv\u011btinovou esenci. V z\u00e1kladu b\u00edl\u00fd pi\u017emo, jantar a santal vytv\u00e1\u0159ej\u00ed jemnou, teplou a obklopuj\u00edc\u00ed stopu, ide\u00e1ln\u00ed pro sofistikovanou, p\u0159irozenou \u017eenu s nen\u00e1padn\u00fdm, ale nezapomenuteln\u00fdm kouzlem.<\/p>\n","protected":false},"excerpt":{"rendered":"<p>P\u0159ipom\u00edn\u00e1 Angel Schlesser Femme od Angel Schlesser<\/p>\n","protected":false},"featured_media":7829,"comment_status":"open","ping_status":"closed","template":"","meta":[],"product_brand":[],"product_cat":[1575],"product_tag":[1430],"class_list":{"0":"post-7836","1":"product","2":"type-product","3":"status-publish","4":"has-post-thumbnail","6":"product_cat-angel-schlesser","7":"product_tag-zeny","9":"first","10":"instock","11":"shipping-taxable","12":"product-type-simple"},"_links":{"self":[{"href":"https:\/\/divainers.com\/cs\/wp-json\/wp\/v2\/product\/7836","targetHints":{"allow":["GET"]}}],"collection":[{"href":"https:\/\/divainers.com\/cs\/wp-json\/wp\/v2\/product"}],"about":[{"href":"https:\/\/divainers.com\/cs\/wp-json\/wp\/v2\/types\/product"}],"replies":[{"embeddable":true,"href":"https:\/\/divainers.com\/cs\/wp-json\/wp\/v2\/comments?post=7836"}],"wp:featuredmedia":[{"embeddable":true,"href":"https:\/\/divainers.com\/cs\/wp-json\/wp\/v2\/media\/7829"}],"wp:attachment":[{"href":"https:\/\/divainers.com\/cs\/wp-json\/wp\/v2\/media?parent=7836"}],"wp:term":[{"taxonomy":"product_brand","embeddable":true,"href":"https:\/\/divainers.com\/cs\/wp-json\/wp\/v2\/product_brand?post=7836"},{"taxonomy":"product_cat","embeddable":true,"href":"https:\/\/divainers.com\/cs\/wp-json\/wp\/v2\/product_cat?post=7836"},{"taxonomy":"product_tag","embeddable":true,"href":"https:\/\/divainers.com\/cs\/wp-json\/wp\/v2\/product_tag?post=7836"}],"curies":[{"name":"wp","href":"https:\/\/api.w.org\/{rel}","templated":true}]}}