{"id":7878,"date":"2025-01-31T08:31:51","date_gmt":"2025-01-31T07:31:51","guid":{"rendered":"https:\/\/divainers.com\/producto\/divain-948\/"},"modified":"2026-04-30T16:18:16","modified_gmt":"2026-04-30T14:18:16","slug":"divain-948","status":"publish","type":"product","link":"https:\/\/divainers.com\/cs\/producto\/divain-948\/","title":{"rendered":"divain.948"},"content":{"rendered":"<p>Jemn\u00e1 a obklopuj\u00edc\u00ed v\u016fn\u011b, kter\u00e1 evokuje pocit lehkosti a klidu, jako byste pluli mezi mraky v tepl\u00fd den. Od za\u010d\u00e1tku p\u0159in\u00e1\u0161ej\u00ed ovocn\u00e9 t\u00f3ny levandule a hru\u0161ky sv\u011b\u017eest, zm\u00edrn\u011bnou kr\u00e9mov\u00fdm dotekem kokosu, kter\u00fd dod\u00e1v\u00e1 lehkou a uvol\u0148uj\u00edc\u00ed sladkost. Jak se v\u016fn\u011b rozv\u00edj\u00ed, kv\u011btinov\u00e9 t\u00f3ny jasm\u00ednu a konvalinky p\u0159in\u00e1\u0161ej\u00ed jemnou a \u017eenskou eleganci, vytv\u00e1\u0159ej\u00edc\u00ed \u00e9terickou m\u011bkkost, kter\u00e1 obklopuje poko\u017eku. Z\u00e1klad, zv\u00fdrazn\u011bn\u00fd pi\u017emem a karamelem, poskytuje tepl\u00fd a uklid\u0148uj\u00edc\u00ed podklad, kter\u00fd se spojuje s leh\u010d\u00edmi t\u00f3ny a zanech\u00e1v\u00e1 stopu, kter\u00e1 je z\u00e1rove\u0148 obklopuj\u00edc\u00ed i uvol\u0148uj\u00edc\u00ed. Tato v\u016fn\u011b je ide\u00e1ln\u00ed pro ty, kte\u0159\u00ed hledaj\u00ed jemn\u00fd, sladk\u00fd a klidn\u00fd vonn\u00fd z\u00e1\u017eitek, ide\u00e1ln\u00ed pro ka\u017edodenn\u00ed no\u0161en\u00ed, p\u0159in\u00e1\u0161ej\u00edc\u00ed pocit klidu a sv\u011b\u017eesti.<\/p>\n","protected":false},"excerpt":{"rendered":"<p>P\u0159ipom\u00edn\u00e1 Cloud od Ariana Grande<\/p>\n","protected":false},"featured_media":7872,"comment_status":"open","ping_status":"closed","template":"","meta":[],"product_brand":[],"product_cat":[1596],"product_tag":[1430],"class_list":{"0":"post-7878","1":"product","2":"type-product","3":"status-publish","4":"has-post-thumbnail","6":"product_cat-ariana-grande","7":"product_tag-zeny","9":"first","10":"instock","11":"shipping-taxable","12":"product-type-simple"},"_links":{"self":[{"href":"https:\/\/divainers.com\/cs\/wp-json\/wp\/v2\/product\/7878","targetHints":{"allow":["GET"]}}],"collection":[{"href":"https:\/\/divainers.com\/cs\/wp-json\/wp\/v2\/product"}],"about":[{"href":"https:\/\/divainers.com\/cs\/wp-json\/wp\/v2\/types\/product"}],"replies":[{"embeddable":true,"href":"https:\/\/divainers.com\/cs\/wp-json\/wp\/v2\/comments?post=7878"}],"wp:featuredmedia":[{"embeddable":true,"href":"https:\/\/divainers.com\/cs\/wp-json\/wp\/v2\/media\/7872"}],"wp:attachment":[{"href":"https:\/\/divainers.com\/cs\/wp-json\/wp\/v2\/media?parent=7878"}],"wp:term":[{"taxonomy":"product_brand","embeddable":true,"href":"https:\/\/divainers.com\/cs\/wp-json\/wp\/v2\/product_brand?post=7878"},{"taxonomy":"product_cat","embeddable":true,"href":"https:\/\/divainers.com\/cs\/wp-json\/wp\/v2\/product_cat?post=7878"},{"taxonomy":"product_tag","embeddable":true,"href":"https:\/\/divainers.com\/cs\/wp-json\/wp\/v2\/product_tag?post=7878"}],"curies":[{"name":"wp","href":"https:\/\/api.w.org\/{rel}","templated":true}]}}