{"id":7915,"date":"2025-01-31T08:31:51","date_gmt":"2025-01-31T07:31:51","guid":{"rendered":"https:\/\/divainers.com\/producto\/divain-457\/"},"modified":"2026-04-30T16:18:17","modified_gmt":"2026-04-30T14:18:17","slug":"divain-457","status":"publish","type":"product","link":"https:\/\/divainers.com\/cs\/producto\/divain-457\/","title":{"rendered":"divain.457"},"content":{"rendered":"<p>Odv\u00e1\u017en\u00e1 a magnetick\u00e1 v\u016fn\u011b, kter\u00e1 v ka\u017ed\u00e9 not\u011b vyza\u0159uje eleganci a charakter. \u00davod je \u017eiv\u00fd a citrusov\u00fd, s exploz\u00ed citronu, ananasu a bergamotu, kter\u00e1 probouz\u00ed smysly intenzivn\u00ed sv\u011b\u017eest\u00ed. V srdci v\u016fn\u011b b\u0159\u00edza a jasm\u00edn dod\u00e1vaj\u00ed hloubku a sofistikovan\u00fd kou\u0159ov\u00fd n\u00e1dech, evokuj\u00edc\u00ed vybranou a sebejistou mu\u017enost. Nakonec obklopuj\u00edc\u00ed z\u00e1klad z \u0161ed\u00e9ho ambry, pi\u017ema a pa\u010duli zanech\u00e1v\u00e1 dlouhotrvaj\u00edc\u00ed, sv\u016fdnou a silnou stopu. Impozantn\u00ed a sofistikovan\u00fd parf\u00e9m, ide\u00e1ln\u00ed pro ty, kte\u0159\u00ed hledaj\u00ed intenzivn\u00ed, v\u0161estrannou v\u016fni s nezam\u011bnitelnou p\u0159\u00edtomnost\u00ed.<\/p>\n","protected":false},"excerpt":{"rendered":"<p>P\u0159ipom\u00edn\u00e1 Club de Nuit Intense Man od Armaf<\/p>\n","protected":false},"featured_media":7914,"comment_status":"open","ping_status":"closed","template":"","meta":[],"product_brand":[],"product_cat":[1628],"product_tag":[1364],"class_list":{"0":"post-7915","1":"product","2":"type-product","3":"status-publish","4":"has-post-thumbnail","6":"product_cat-armaf","7":"product_tag-menn","9":"first","10":"instock","11":"shipping-taxable","12":"product-type-simple"},"_links":{"self":[{"href":"https:\/\/divainers.com\/cs\/wp-json\/wp\/v2\/product\/7915","targetHints":{"allow":["GET"]}}],"collection":[{"href":"https:\/\/divainers.com\/cs\/wp-json\/wp\/v2\/product"}],"about":[{"href":"https:\/\/divainers.com\/cs\/wp-json\/wp\/v2\/types\/product"}],"replies":[{"embeddable":true,"href":"https:\/\/divainers.com\/cs\/wp-json\/wp\/v2\/comments?post=7915"}],"wp:featuredmedia":[{"embeddable":true,"href":"https:\/\/divainers.com\/cs\/wp-json\/wp\/v2\/media\/7914"}],"wp:attachment":[{"href":"https:\/\/divainers.com\/cs\/wp-json\/wp\/v2\/media?parent=7915"}],"wp:term":[{"taxonomy":"product_brand","embeddable":true,"href":"https:\/\/divainers.com\/cs\/wp-json\/wp\/v2\/product_brand?post=7915"},{"taxonomy":"product_cat","embeddable":true,"href":"https:\/\/divainers.com\/cs\/wp-json\/wp\/v2\/product_cat?post=7915"},{"taxonomy":"product_tag","embeddable":true,"href":"https:\/\/divainers.com\/cs\/wp-json\/wp\/v2\/product_tag?post=7915"}],"curies":[{"name":"wp","href":"https:\/\/api.w.org\/{rel}","templated":true}]}}