{"id":7956,"date":"2025-01-31T08:31:51","date_gmt":"2025-01-31T07:31:51","guid":{"rendered":"https:\/\/divainers.com\/producto\/divain-890\/"},"modified":"2026-04-30T16:18:18","modified_gmt":"2026-04-30T14:18:18","slug":"divain-890","status":"publish","type":"product","link":"https:\/\/divainers.com\/cs\/producto\/divain-890\/","title":{"rendered":"divain.890"},"content":{"rendered":"<p>P\u0159edstavte si v\u016fni, kter\u00e1 v\u00e1s obklop\u00ed teplou a exotickou atmosf\u00e9rou, kde se sladk\u00e9 a ko\u0159en\u011bn\u00e9 t\u00f3ny prol\u00ednaj\u00ed s drah\u00fdmi d\u0159evinami a vanilkou. Tato esence za\u010d\u00edn\u00e1 \u0161\u0165avnat\u00fdm otev\u00edr\u00e1n\u00edm \u0161vestky a \u0161petkou sko\u0159ice, kter\u00e9 p\u0159in\u00e1\u0161ej\u00ed ko\u0159en\u011bnou sladkost. V srdci nab\u00edz\u00ed heliotrop a datle jemnou kv\u011btinovou a ovocnou v\u016fni, zat\u00edmco pa\u010duli dod\u00e1v\u00e1 zemitou hloubku. Z\u00e1klad ze d\u0159eva guajak, santalov\u00e9ho d\u0159eva a vanilky vytv\u00e1\u0159\u00ed teplou a \u00fatulnou stopu, evokuj\u00edc\u00ed bohatstv\u00ed v\u00fdchodn\u00edch obchodn\u00edch cest. Tato kompozice nab\u00edz\u00ed vonn\u00fd z\u00e1\u017eitek, kter\u00fd dokonale spojuje sladk\u00e9, ko\u0159en\u011bn\u00e9 a d\u0159evit\u00e9 t\u00f3ny.<\/p>\n","protected":false},"excerpt":{"rendered":"<p>P\u0159ipom\u00edn\u00e1 Rouge Sar\u00e2y od Atelier des Ors<\/p>\n","protected":false},"featured_media":7955,"comment_status":"open","ping_status":"closed","template":"","meta":[],"product_brand":[],"product_cat":[1635],"product_tag":[1407],"class_list":{"0":"post-7956","1":"product","2":"type-product","3":"status-publish","4":"has-post-thumbnail","6":"product_cat-atelier-des-ors","7":"product_tag-unisex","9":"first","10":"instock","11":"shipping-taxable","12":"product-type-simple"},"_links":{"self":[{"href":"https:\/\/divainers.com\/cs\/wp-json\/wp\/v2\/product\/7956","targetHints":{"allow":["GET"]}}],"collection":[{"href":"https:\/\/divainers.com\/cs\/wp-json\/wp\/v2\/product"}],"about":[{"href":"https:\/\/divainers.com\/cs\/wp-json\/wp\/v2\/types\/product"}],"replies":[{"embeddable":true,"href":"https:\/\/divainers.com\/cs\/wp-json\/wp\/v2\/comments?post=7956"}],"wp:featuredmedia":[{"embeddable":true,"href":"https:\/\/divainers.com\/cs\/wp-json\/wp\/v2\/media\/7955"}],"wp:attachment":[{"href":"https:\/\/divainers.com\/cs\/wp-json\/wp\/v2\/media?parent=7956"}],"wp:term":[{"taxonomy":"product_brand","embeddable":true,"href":"https:\/\/divainers.com\/cs\/wp-json\/wp\/v2\/product_brand?post=7956"},{"taxonomy":"product_cat","embeddable":true,"href":"https:\/\/divainers.com\/cs\/wp-json\/wp\/v2\/product_cat?post=7956"},{"taxonomy":"product_tag","embeddable":true,"href":"https:\/\/divainers.com\/cs\/wp-json\/wp\/v2\/product_tag?post=7956"}],"curies":[{"name":"wp","href":"https:\/\/api.w.org\/{rel}","templated":true}]}}