{"id":8042,"date":"2025-01-31T08:31:52","date_gmt":"2025-01-31T07:31:52","guid":{"rendered":"https:\/\/divainers.com\/producto\/divain-240\/"},"modified":"2026-04-30T16:18:19","modified_gmt":"2026-04-30T14:18:19","slug":"divain-240","status":"publish","type":"product","link":"https:\/\/divainers.com\/cs\/producto\/divain-240\/","title":{"rendered":"divain.240"},"content":{"rendered":"<p>\u017div\u00e1 a odv\u00e1\u017en\u00e1 v\u016fn\u011b, navr\u017een\u00e1 pro extrovertn\u00edho a pln\u00e9ho energie mu\u017ee. V \u00favodu exploduje sv\u011b\u017eest a ko\u0159en\u00ed s t\u00f3ny citronu, z\u00e1zvoru a m\u00e1ty, kter\u00e9 probouzej\u00ed smysly a dod\u00e1vaj\u00ed dynamiku. Srdce v\u016fn\u011b je napln\u011bno tepl\u00fdm a aromatick\u00fdm n\u00e1dechem levandule, v kombinaci se sko\u0159ic\u00ed a kardamomem, vytv\u00e1\u0159ej\u00edc\u00ed rovnov\u00e1hu mezi jemnost\u00ed a intenzitou. V z\u00e1kladu d\u0159evit\u00e9 a balzamick\u00e9 t\u00f3ny tonky, santalov\u00e9ho d\u0159eva a k\u016f\u017ee obaluj\u00ed poko\u017eku stopou sofistikovanosti a smyslnosti. Ide\u00e1ln\u00ed pro zvl\u00e1\u0161tn\u00ed p\u0159\u00edle\u017eitosti, tato v\u016fn\u011b je odrazem odvahy a sebev\u011bdom\u00ed, perfektn\u00ed pro ty, kte\u0159\u00ed cht\u011bj\u00ed vyniknout nezapomenutelnou p\u0159\u00edtomnost\u00ed.<\/p>\n","protected":false},"excerpt":{"rendered":"<p>P\u0159ipom\u00edn\u00e1 Azzaro Wanted od Azzaro<\/p>\n","protected":false},"featured_media":8040,"comment_status":"open","ping_status":"closed","template":"","meta":[],"product_brand":[],"product_cat":[1678],"product_tag":[1341],"class_list":{"0":"post-8042","1":"product","2":"type-product","3":"status-publish","4":"has-post-thumbnail","6":"product_cat-azzaro","7":"product_tag-muzi","9":"first","10":"instock","11":"shipping-taxable","12":"product-type-simple"},"_links":{"self":[{"href":"https:\/\/divainers.com\/cs\/wp-json\/wp\/v2\/product\/8042","targetHints":{"allow":["GET"]}}],"collection":[{"href":"https:\/\/divainers.com\/cs\/wp-json\/wp\/v2\/product"}],"about":[{"href":"https:\/\/divainers.com\/cs\/wp-json\/wp\/v2\/types\/product"}],"replies":[{"embeddable":true,"href":"https:\/\/divainers.com\/cs\/wp-json\/wp\/v2\/comments?post=8042"}],"wp:featuredmedia":[{"embeddable":true,"href":"https:\/\/divainers.com\/cs\/wp-json\/wp\/v2\/media\/8040"}],"wp:attachment":[{"href":"https:\/\/divainers.com\/cs\/wp-json\/wp\/v2\/media?parent=8042"}],"wp:term":[{"taxonomy":"product_brand","embeddable":true,"href":"https:\/\/divainers.com\/cs\/wp-json\/wp\/v2\/product_brand?post=8042"},{"taxonomy":"product_cat","embeddable":true,"href":"https:\/\/divainers.com\/cs\/wp-json\/wp\/v2\/product_cat?post=8042"},{"taxonomy":"product_tag","embeddable":true,"href":"https:\/\/divainers.com\/cs\/wp-json\/wp\/v2\/product_tag?post=8042"}],"curies":[{"name":"wp","href":"https:\/\/api.w.org\/{rel}","templated":true}]}}