{"id":8085,"date":"2025-01-31T08:31:53","date_gmt":"2025-01-31T07:31:53","guid":{"rendered":"https:\/\/divainers.com\/producto\/divain-715\/"},"modified":"2026-04-30T16:18:19","modified_gmt":"2026-04-30T14:18:19","slug":"divain-715","status":"publish","type":"product","link":"https:\/\/divainers.com\/cs\/producto\/divain-715\/","title":{"rendered":"divain.715"},"content":{"rendered":"<p>Je to sv\u011b\u017e\u00ed a modern\u00ed kv\u011btinov\u00e1 v\u016fn\u011b, charakterizovan\u00e1 kontrastem mezi zelen\u00fdmi a kv\u011btinov\u00fdmi t\u00f3ny. \u00davod je sv\u011b\u017e\u00ed a lehk\u00fd s n\u00e1dechem m\u00e1ty, kter\u00fd se spojuje s r\u016f\u017e\u00ed a karafi\u00e1tem v srdci, vytv\u00e1\u0159ej\u00edc pocit sv\u011b\u017e\u00edho a obklopuj\u00edc\u00edho lu\u010dn\u00edho kv\u011btu. Jak se v\u016fn\u011b rozv\u00edj\u00ed, z\u00e1kladn\u00ed t\u00f3ny jantaru a vetiveru p\u0159in\u00e1\u0161ej\u00ed zemitou a sofistikovanou hloubku, vyva\u017euj\u00edc\u00ed sv\u011b\u017eest kv\u011btin. Elegantn\u00ed a sou\u010dasn\u00e1 v\u016fn\u011b, ide\u00e1ln\u00ed pro ty, kte\u0159\u00ed hledaj\u00ed n\u011bco \u017eensk\u00e9ho, ale s n\u00e1dechem odvahy a modernosti.<\/p>\n","protected":false},"excerpt":{"rendered":"<p>P\u0159ipom\u00edn\u00e1 Florabotanica od Balenciaga<\/p>\n","protected":false},"featured_media":8080,"comment_status":"open","ping_status":"closed","template":"","meta":[],"product_brand":[],"product_cat":[1700],"product_tag":[1430],"class_list":{"0":"post-8085","1":"product","2":"type-product","3":"status-publish","4":"has-post-thumbnail","6":"product_cat-balenciaga","7":"product_tag-zeny","9":"first","10":"instock","11":"shipping-taxable","12":"product-type-simple"},"_links":{"self":[{"href":"https:\/\/divainers.com\/cs\/wp-json\/wp\/v2\/product\/8085","targetHints":{"allow":["GET"]}}],"collection":[{"href":"https:\/\/divainers.com\/cs\/wp-json\/wp\/v2\/product"}],"about":[{"href":"https:\/\/divainers.com\/cs\/wp-json\/wp\/v2\/types\/product"}],"replies":[{"embeddable":true,"href":"https:\/\/divainers.com\/cs\/wp-json\/wp\/v2\/comments?post=8085"}],"wp:featuredmedia":[{"embeddable":true,"href":"https:\/\/divainers.com\/cs\/wp-json\/wp\/v2\/media\/8080"}],"wp:attachment":[{"href":"https:\/\/divainers.com\/cs\/wp-json\/wp\/v2\/media?parent=8085"}],"wp:term":[{"taxonomy":"product_brand","embeddable":true,"href":"https:\/\/divainers.com\/cs\/wp-json\/wp\/v2\/product_brand?post=8085"},{"taxonomy":"product_cat","embeddable":true,"href":"https:\/\/divainers.com\/cs\/wp-json\/wp\/v2\/product_cat?post=8085"},{"taxonomy":"product_tag","embeddable":true,"href":"https:\/\/divainers.com\/cs\/wp-json\/wp\/v2\/product_tag?post=8085"}],"curies":[{"name":"wp","href":"https:\/\/api.w.org\/{rel}","templated":true}]}}