{"id":8126,"date":"2025-01-31T08:31:53","date_gmt":"2025-01-31T07:31:53","guid":{"rendered":"https:\/\/divainers.com\/producto\/divain-412\/"},"modified":"2026-04-30T16:18:19","modified_gmt":"2026-04-30T14:18:19","slug":"divain-412","status":"publish","type":"product","link":"https:\/\/divainers.com\/cs\/producto\/divain-412\/","title":{"rendered":"divain.412"},"content":{"rendered":"<p>Opulentn\u00ed a n\u00e1vykov\u00e1 v\u016fn\u011b, kter\u00e1 spojuje teplou ko\u0159en\u011bnost tab\u00e1ku s sametovou smyslnost\u00ed r\u016f\u017ee. Od sam\u00e9ho za\u010d\u00e1tku ko\u0159en\u011bn\u00e9 a sladk\u00e9 t\u00f3ny obklopuj\u00ed smysly a vytv\u00e1\u0159ej\u00ed intenzivn\u00ed a pohlcuj\u00edc\u00ed z\u00e1\u017eitek. V srdci se r\u016f\u017ee rozv\u00edj\u00ed s hlubok\u00fdm a lehce temn\u00fdm charakterem, doprov\u00e1zen\u00e1 jantarov\u00fdmi a prysky\u0159i\u010dn\u00fdmi odst\u00edny, kter\u00e9 zd\u016fraz\u0148uj\u00ed jej\u00ed bohatost. Z\u00e1klad je hust\u00fd a sv\u016fdn\u00fd, s akordy kakaa, pi\u017ema a kr\u00e9mov\u00fdch d\u0159ev, kter\u00e9 dod\u00e1vaj\u00ed sofistikovan\u00fd a dlouhotrvaj\u00edc\u00ed stopu. Ide\u00e1ln\u00ed pro ty, kte\u0159\u00ed hledaj\u00ed odv\u00e1\u017enou, elegantn\u00ed a plnou charakteru v\u016fni.<\/p>\n","protected":false},"excerpt":{"rendered":"<p>P\u0159ipom\u00edn\u00e1 Tabac Rose od BDK Parfums<\/p>\n","protected":false},"featured_media":8124,"comment_status":"open","ping_status":"closed","template":"","meta":[],"product_brand":[],"product_cat":[1720],"product_tag":[1407],"class_list":{"0":"post-8126","1":"product","2":"type-product","3":"status-publish","4":"has-post-thumbnail","6":"product_cat-bdk-parfums","7":"product_tag-unisex","9":"first","10":"instock","11":"shipping-taxable","12":"product-type-simple"},"_links":{"self":[{"href":"https:\/\/divainers.com\/cs\/wp-json\/wp\/v2\/product\/8126","targetHints":{"allow":["GET"]}}],"collection":[{"href":"https:\/\/divainers.com\/cs\/wp-json\/wp\/v2\/product"}],"about":[{"href":"https:\/\/divainers.com\/cs\/wp-json\/wp\/v2\/types\/product"}],"replies":[{"embeddable":true,"href":"https:\/\/divainers.com\/cs\/wp-json\/wp\/v2\/comments?post=8126"}],"wp:featuredmedia":[{"embeddable":true,"href":"https:\/\/divainers.com\/cs\/wp-json\/wp\/v2\/media\/8124"}],"wp:attachment":[{"href":"https:\/\/divainers.com\/cs\/wp-json\/wp\/v2\/media?parent=8126"}],"wp:term":[{"taxonomy":"product_brand","embeddable":true,"href":"https:\/\/divainers.com\/cs\/wp-json\/wp\/v2\/product_brand?post=8126"},{"taxonomy":"product_cat","embeddable":true,"href":"https:\/\/divainers.com\/cs\/wp-json\/wp\/v2\/product_cat?post=8126"},{"taxonomy":"product_tag","embeddable":true,"href":"https:\/\/divainers.com\/cs\/wp-json\/wp\/v2\/product_tag?post=8126"}],"curies":[{"name":"wp","href":"https:\/\/api.w.org\/{rel}","templated":true}]}}