{"id":8169,"date":"2025-01-31T08:33:36","date_gmt":"2025-01-31T07:33:36","guid":{"rendered":"https:\/\/divainers.com\/producto\/divain-077\/"},"modified":"2026-04-30T16:18:20","modified_gmt":"2026-04-30T14:18:20","slug":"divain-077","status":"publish","type":"product","link":"https:\/\/divainers.com\/cs\/producto\/divain-077\/","title":{"rendered":"divain.077"},"content":{"rendered":"<p>Mladistv\u00e1 a \u017eiv\u00e1 v\u016fn\u011b, kter\u00e1 zachycuje radost a spont\u00e1nnost v ka\u017ed\u00e9 not\u011b. Jej\u00ed jiskrn\u00fd \u00favod broskve, meru\u0148ky a \u010dern\u00e9ho ryb\u00edzu p\u0159in\u00e1\u0161\u00ed ovocnou a sv\u011btlou sladkost. V srdci v\u016fn\u011b fr\u00e9zie, fialka a konvalinka obaluj\u00ed parf\u00e9m jemnou a romantickou \u017eenskost\u00ed. V z\u00e1kladu santalov\u00e9 d\u0159evo, vanilka a pi\u017emo vytv\u00e1\u0159ej\u00ed teplou a \u00fatulnou stopu, ide\u00e1ln\u00ed pro z\u00e1bavnou, svobodnou \u017eenu s duchem pln\u00fdm energie.<\/p>\n","protected":false},"excerpt":{"rendered":"<p>P\u0159ipom\u00edn\u00e1 Red Jeans od Versace<\/p>\n","protected":false},"featured_media":8165,"comment_status":"open","ping_status":"closed","template":"","meta":[],"product_brand":[],"product_cat":[1742],"product_tag":[1430],"class_list":{"0":"post-8169","1":"product","2":"type-product","3":"status-publish","4":"has-post-thumbnail","6":"product_cat-versace","7":"product_tag-zeny","9":"first","10":"instock","11":"shipping-taxable","12":"product-type-simple"},"_links":{"self":[{"href":"https:\/\/divainers.com\/cs\/wp-json\/wp\/v2\/product\/8169","targetHints":{"allow":["GET"]}}],"collection":[{"href":"https:\/\/divainers.com\/cs\/wp-json\/wp\/v2\/product"}],"about":[{"href":"https:\/\/divainers.com\/cs\/wp-json\/wp\/v2\/types\/product"}],"replies":[{"embeddable":true,"href":"https:\/\/divainers.com\/cs\/wp-json\/wp\/v2\/comments?post=8169"}],"wp:featuredmedia":[{"embeddable":true,"href":"https:\/\/divainers.com\/cs\/wp-json\/wp\/v2\/media\/8165"}],"wp:attachment":[{"href":"https:\/\/divainers.com\/cs\/wp-json\/wp\/v2\/media?parent=8169"}],"wp:term":[{"taxonomy":"product_brand","embeddable":true,"href":"https:\/\/divainers.com\/cs\/wp-json\/wp\/v2\/product_brand?post=8169"},{"taxonomy":"product_cat","embeddable":true,"href":"https:\/\/divainers.com\/cs\/wp-json\/wp\/v2\/product_cat?post=8169"},{"taxonomy":"product_tag","embeddable":true,"href":"https:\/\/divainers.com\/cs\/wp-json\/wp\/v2\/product_tag?post=8169"}],"curies":[{"name":"wp","href":"https:\/\/api.w.org\/{rel}","templated":true}]}}