{"id":8211,"date":"2025-01-31T08:31:53","date_gmt":"2025-01-31T07:31:53","guid":{"rendered":"https:\/\/divainers.com\/producto\/divain-447\/"},"modified":"2026-04-30T16:18:20","modified_gmt":"2026-04-30T14:18:20","slug":"divain-447","status":"publish","type":"product","link":"https:\/\/divainers.com\/cs\/producto\/divain-447\/","title":{"rendered":"divain.447"},"content":{"rendered":"<p>Majest\u00e1tn\u00ed a siln\u00e1 v\u016fn\u011b, kter\u00e1 vyza\u0159uje sebev\u011bdom\u00ed a sofistikovanost v ka\u017ed\u00e9 not\u011b. \u00davod je \u017eiv\u00fd a ko\u0159en\u011bn\u00fd, s exploz\u00ed bergamotu a pep\u0159e, kter\u00e1 probouz\u00ed smysly energi\u00ed a eleganc\u00ed. V srdci se jantar a levandule spojuj\u00ed s u\u0161lechtil\u00fdm d\u0159evem, p\u0159in\u00e1\u0161ej\u00ed hloubku a vzne\u0161en\u00fd n\u00e1dech. Nakonec tepl\u00fd z\u00e1klad z vanilky, pi\u017ema a oudu zanech\u00e1v\u00e1 obklopuj\u00edc\u00ed, intenzivn\u00ed a sv\u016fdnou stopu. Odv\u00e1\u017en\u00e9 a magnetick\u00e9 parf\u00e9m, ide\u00e1ln\u00ed pro ty, kdo hledaj\u00ed v\u016fni s charakterem, p\u0159\u00edtomnost\u00ed a impozantn\u00ed eleganc\u00ed.<\/p>\n","protected":false},"excerpt":{"rendered":"<p>P\u0159ipom\u00edn\u00e1 King od Bharara<\/p>\n","protected":false},"featured_media":8207,"comment_status":"open","ping_status":"closed","template":"","meta":[],"product_brand":[],"product_cat":[1771],"product_tag":[1372],"class_list":{"0":"post-8211","1":"product","2":"type-product","3":"status-publish","4":"has-post-thumbnail","6":"product_cat-bharara","7":"product_tag-ferfiak","9":"first","10":"instock","11":"shipping-taxable","12":"product-type-simple"},"_links":{"self":[{"href":"https:\/\/divainers.com\/cs\/wp-json\/wp\/v2\/product\/8211","targetHints":{"allow":["GET"]}}],"collection":[{"href":"https:\/\/divainers.com\/cs\/wp-json\/wp\/v2\/product"}],"about":[{"href":"https:\/\/divainers.com\/cs\/wp-json\/wp\/v2\/types\/product"}],"replies":[{"embeddable":true,"href":"https:\/\/divainers.com\/cs\/wp-json\/wp\/v2\/comments?post=8211"}],"wp:featuredmedia":[{"embeddable":true,"href":"https:\/\/divainers.com\/cs\/wp-json\/wp\/v2\/media\/8207"}],"wp:attachment":[{"href":"https:\/\/divainers.com\/cs\/wp-json\/wp\/v2\/media?parent=8211"}],"wp:term":[{"taxonomy":"product_brand","embeddable":true,"href":"https:\/\/divainers.com\/cs\/wp-json\/wp\/v2\/product_brand?post=8211"},{"taxonomy":"product_cat","embeddable":true,"href":"https:\/\/divainers.com\/cs\/wp-json\/wp\/v2\/product_cat?post=8211"},{"taxonomy":"product_tag","embeddable":true,"href":"https:\/\/divainers.com\/cs\/wp-json\/wp\/v2\/product_tag?post=8211"}],"curies":[{"name":"wp","href":"https:\/\/api.w.org\/{rel}","templated":true}]}}