{"id":8298,"date":"2025-01-31T08:31:53","date_gmt":"2025-01-31T07:31:53","guid":{"rendered":"https:\/\/divainers.com\/producto\/divain-668\/"},"modified":"2026-04-30T16:18:24","modified_gmt":"2026-04-30T14:18:24","slug":"divain-668","status":"publish","type":"product","link":"https:\/\/divainers.com\/cs\/producto\/divain-668\/","title":{"rendered":"divain.668"},"content":{"rendered":"<p>Vynikaj\u00edc\u00ed a okouzluj\u00edc\u00ed v\u016fn\u011b, kter\u00e1 vyza\u0159uje eleganci a tajemstv\u00ed. V \u00favodu se rozv\u00edj\u00ed sv\u011b\u017e\u00ed a citrusov\u00e1 sm\u011bs spojen\u00e1 s mo\u0159sk\u00fdmi t\u00f3ny, evokuj\u00edc\u00ed sv\u011b\u017e\u00ed oce\u00e1nsk\u00fd v\u00e1nek. Jak v\u016fn\u011b dozr\u00e1v\u00e1, srdce odhaluje kv\u011btinov\u00fd a ovocn\u00fd akord, kde sladkost exotick\u00e9ho ovoce spl\u00fdv\u00e1 s jemnost\u00ed n\u011b\u017en\u00fdch kv\u011btin, vytv\u00e1\u0159ej\u00edc\u00ed obklopuj\u00edc\u00ed a \u017eensk\u00fd pocit. Z\u00e1klad, hlubok\u00fd a sofistikovan\u00fd, se skl\u00e1d\u00e1 z drah\u00e9ho d\u0159eva a jemn\u00e9ho n\u00e1dechu pi\u017ema, kter\u00fd p\u0159in\u00e1\u0161\u00ed teplou a sv\u016fdnou stopu. Je to ide\u00e1ln\u00ed v\u016fn\u011b pro ty, kte\u0159\u00ed hledaj\u00ed rafinovan\u00fd a v\u00fdrazn\u00fd parf\u00e9m, perfektn\u00ed pro \u017eenu, kter\u00e1 chce vyza\u0159ovat luxus, s\u00edlu a sebev\u011bdom\u00ed.<\/p>\n","protected":false},"excerpt":{"rendered":"<p>P\u0159ipom\u00edn\u00e1 Blue Sapphire od Boadicea The Victorious<\/p>\n","protected":false},"featured_media":8291,"comment_status":"open","ping_status":"closed","template":"","meta":[],"product_brand":[],"product_cat":[1806],"product_tag":[1407],"class_list":{"0":"post-8298","1":"product","2":"type-product","3":"status-publish","4":"has-post-thumbnail","6":"product_cat-boadicea-the-victorious","7":"product_tag-unisex","9":"first","10":"instock","11":"shipping-taxable","12":"product-type-simple"},"_links":{"self":[{"href":"https:\/\/divainers.com\/cs\/wp-json\/wp\/v2\/product\/8298","targetHints":{"allow":["GET"]}}],"collection":[{"href":"https:\/\/divainers.com\/cs\/wp-json\/wp\/v2\/product"}],"about":[{"href":"https:\/\/divainers.com\/cs\/wp-json\/wp\/v2\/types\/product"}],"replies":[{"embeddable":true,"href":"https:\/\/divainers.com\/cs\/wp-json\/wp\/v2\/comments?post=8298"}],"wp:featuredmedia":[{"embeddable":true,"href":"https:\/\/divainers.com\/cs\/wp-json\/wp\/v2\/media\/8291"}],"wp:attachment":[{"href":"https:\/\/divainers.com\/cs\/wp-json\/wp\/v2\/media?parent=8298"}],"wp:term":[{"taxonomy":"product_brand","embeddable":true,"href":"https:\/\/divainers.com\/cs\/wp-json\/wp\/v2\/product_brand?post=8298"},{"taxonomy":"product_cat","embeddable":true,"href":"https:\/\/divainers.com\/cs\/wp-json\/wp\/v2\/product_cat?post=8298"},{"taxonomy":"product_tag","embeddable":true,"href":"https:\/\/divainers.com\/cs\/wp-json\/wp\/v2\/product_tag?post=8298"}],"curies":[{"name":"wp","href":"https:\/\/api.w.org\/{rel}","templated":true}]}}