{"id":8336,"date":"2025-01-31T08:31:53","date_gmt":"2025-01-31T07:31:53","guid":{"rendered":"https:\/\/divainers.com\/producto\/divain-452\/"},"modified":"2026-04-30T16:18:24","modified_gmt":"2026-04-30T14:18:24","slug":"divain-452","status":"publish","type":"product","link":"https:\/\/divainers.com\/cs\/producto\/divain-452\/","title":{"rendered":"divain.452"},"content":{"rendered":"<p>\u017div\u00e1 a sofistikovan\u00e1 v\u016fn\u011b, kter\u00e1 zachycuje dynamickou energii m\u011bsta s n\u00e1dechem sv\u011b\u017eesti a neodolateln\u00e9ho tepla. \u00davod je jasn\u00fd a \u0161\u0165avnat\u00fd, s exploz\u00ed \u010dern\u00e9ho ryb\u00edzu a bor\u016fvek, podpo\u0159enou zelen\u00fdmi a ko\u0159en\u011bn\u00fdmi t\u00f3ny, kter\u00e9 probouzej\u00ed smysly. V srdci v\u016fn\u011b p\u0159in\u00e1\u0161ej\u00ed fialka a sko\u0159ice hloubku a rafinovanost, zat\u00edmco z\u00e1klad z jantaru, vanilky a vz\u00e1cn\u00e9ho d\u0159eva obklopuje poko\u017eku smyslnou, kr\u00e9movou a sv\u016fdnou stopou. Modern\u00ed a univerz\u00e1ln\u00ed parf\u00e9m, ide\u00e1ln\u00ed pro ty, kte\u0159\u00ed hledaj\u00ed jedine\u010dnou, sofistikovanou v\u016fni s nezam\u011bnitelnou p\u0159\u00edtomnost\u00ed.<\/p>\n","protected":false},"excerpt":{"rendered":"<p>P\u0159ipom\u00edn\u00e1 Bleecker Street od Bond No 9<\/p>\n","protected":false},"featured_media":8334,"comment_status":"open","ping_status":"closed","template":"","meta":[],"product_brand":[],"product_cat":[1825],"product_tag":[1407],"class_list":{"0":"post-8336","1":"product","2":"type-product","3":"status-publish","4":"has-post-thumbnail","6":"product_cat-bond-no-9","7":"product_tag-unisex","9":"first","10":"instock","11":"shipping-taxable","12":"product-type-simple"},"_links":{"self":[{"href":"https:\/\/divainers.com\/cs\/wp-json\/wp\/v2\/product\/8336","targetHints":{"allow":["GET"]}}],"collection":[{"href":"https:\/\/divainers.com\/cs\/wp-json\/wp\/v2\/product"}],"about":[{"href":"https:\/\/divainers.com\/cs\/wp-json\/wp\/v2\/types\/product"}],"replies":[{"embeddable":true,"href":"https:\/\/divainers.com\/cs\/wp-json\/wp\/v2\/comments?post=8336"}],"wp:featuredmedia":[{"embeddable":true,"href":"https:\/\/divainers.com\/cs\/wp-json\/wp\/v2\/media\/8334"}],"wp:attachment":[{"href":"https:\/\/divainers.com\/cs\/wp-json\/wp\/v2\/media?parent=8336"}],"wp:term":[{"taxonomy":"product_brand","embeddable":true,"href":"https:\/\/divainers.com\/cs\/wp-json\/wp\/v2\/product_brand?post=8336"},{"taxonomy":"product_cat","embeddable":true,"href":"https:\/\/divainers.com\/cs\/wp-json\/wp\/v2\/product_cat?post=8336"},{"taxonomy":"product_tag","embeddable":true,"href":"https:\/\/divainers.com\/cs\/wp-json\/wp\/v2\/product_tag?post=8336"}],"curies":[{"name":"wp","href":"https:\/\/api.w.org\/{rel}","templated":true}]}}