{"id":8377,"date":"2025-01-31T08:31:53","date_gmt":"2025-01-31T07:31:53","guid":{"rendered":"https:\/\/divainers.com\/producto\/divain-823\/"},"modified":"2026-04-30T16:18:25","modified_gmt":"2026-04-30T14:18:25","slug":"divain-823","status":"publish","type":"product","link":"https:\/\/divainers.com\/cs\/producto\/divain-823\/","title":{"rendered":"divain.823"},"content":{"rendered":"<p>Tato unisex v\u016fn\u011b se vyzna\u010duje kv\u011btinov\u011b chypre aroma, kde r\u016f\u017eov\u00fd pep\u0159 a bergamot otev\u00edraj\u00ed cestu k srdci z jasm\u00ednu Sambac. V z\u00e1kladu dod\u00e1vaj\u00ed k\u016f\u017ee, dubov\u00fd mech a pa\u010duli hloubku a sofistikovanost. Ide\u00e1ln\u00ed pro ty, kte\u0159\u00ed hledaj\u00ed esenci spojuj\u00edc\u00ed eleganci a smyslnost p\u0159i jak\u00e9koliv p\u0159\u00edle\u017eitosti.<\/p>\n","protected":false},"excerpt":{"rendered":"<p>P\u0159ipom\u00edn\u00e1 Bottega Veneta od Bottega Veneta<\/p>\n","protected":false},"featured_media":8374,"comment_status":"open","ping_status":"closed","template":"","meta":[],"product_brand":[],"product_cat":[1845],"product_tag":[1430],"class_list":{"0":"post-8377","1":"product","2":"type-product","3":"status-publish","4":"has-post-thumbnail","6":"product_cat-bottega-veneta","7":"product_tag-zeny","9":"first","10":"instock","11":"shipping-taxable","12":"product-type-simple"},"_links":{"self":[{"href":"https:\/\/divainers.com\/cs\/wp-json\/wp\/v2\/product\/8377","targetHints":{"allow":["GET"]}}],"collection":[{"href":"https:\/\/divainers.com\/cs\/wp-json\/wp\/v2\/product"}],"about":[{"href":"https:\/\/divainers.com\/cs\/wp-json\/wp\/v2\/types\/product"}],"replies":[{"embeddable":true,"href":"https:\/\/divainers.com\/cs\/wp-json\/wp\/v2\/comments?post=8377"}],"wp:featuredmedia":[{"embeddable":true,"href":"https:\/\/divainers.com\/cs\/wp-json\/wp\/v2\/media\/8374"}],"wp:attachment":[{"href":"https:\/\/divainers.com\/cs\/wp-json\/wp\/v2\/media?parent=8377"}],"wp:term":[{"taxonomy":"product_brand","embeddable":true,"href":"https:\/\/divainers.com\/cs\/wp-json\/wp\/v2\/product_brand?post=8377"},{"taxonomy":"product_cat","embeddable":true,"href":"https:\/\/divainers.com\/cs\/wp-json\/wp\/v2\/product_cat?post=8377"},{"taxonomy":"product_tag","embeddable":true,"href":"https:\/\/divainers.com\/cs\/wp-json\/wp\/v2\/product_tag?post=8377"}],"curies":[{"name":"wp","href":"https:\/\/api.w.org\/{rel}","templated":true}]}}