{"id":8420,"date":"2025-01-31T08:31:53","date_gmt":"2025-01-31T07:31:53","guid":{"rendered":"https:\/\/divainers.com\/producto\/divain-518\/"},"modified":"2026-04-30T16:18:25","modified_gmt":"2026-04-30T14:18:25","slug":"divain-518","status":"publish","type":"product","link":"https:\/\/divainers.com\/cs\/producto\/divain-518\/","title":{"rendered":"divain.518"},"content":{"rendered":"<p>Exotick\u00e1 a podmaniv\u00e1 v\u016fn\u011b, kter\u00e1 v\u00e1s zavede na smyslovou cestu plnou tepla a sofistikovanosti. Od prvn\u00edho okam\u017eiku probouz\u00ed sladce ko\u0159en\u011bn\u00e1 sko\u0159ice a bergamot smysly teplou a z\u00e1\u0159ivou vibrac\u00ed. V srdci se elegantn\u00ed kytice jasm\u00ednu a r\u016f\u017ee spojuje s t\u00f3ny ylang-ylangu, p\u0159in\u00e1\u0161ej\u00edc\u00ed bohatou a sv\u016fdnou \u017eenskost. Nakonec z\u00e1klad vanilky, benzoe a ambry zanech\u00e1v\u00e1 kr\u00e9movou, obaluj\u00edc\u00ed a hluboce smyslnou stopu. Luxusn\u00ed a magnetick\u00e1 v\u016fn\u011b, ide\u00e1ln\u00ed pro ty, kte\u0159\u00ed hledaj\u00ed orient\u00e1ln\u00ed, teplou a sofistikovanou nezapomenutelnou charakteristiku.<\/p>\n","protected":false},"excerpt":{"rendered":"<p>P\u0159ipom\u00edn\u00e1 Jaipur od Boucheron<\/p>\n","protected":false},"featured_media":8417,"comment_status":"open","ping_status":"closed","template":"","meta":[],"product_brand":[],"product_cat":[1866],"product_tag":[1430],"class_list":{"0":"post-8420","1":"product","2":"type-product","3":"status-publish","4":"has-post-thumbnail","6":"product_cat-boucheron","7":"product_tag-zeny","9":"first","10":"instock","11":"shipping-taxable","12":"product-type-simple"},"_links":{"self":[{"href":"https:\/\/divainers.com\/cs\/wp-json\/wp\/v2\/product\/8420","targetHints":{"allow":["GET"]}}],"collection":[{"href":"https:\/\/divainers.com\/cs\/wp-json\/wp\/v2\/product"}],"about":[{"href":"https:\/\/divainers.com\/cs\/wp-json\/wp\/v2\/types\/product"}],"replies":[{"embeddable":true,"href":"https:\/\/divainers.com\/cs\/wp-json\/wp\/v2\/comments?post=8420"}],"wp:featuredmedia":[{"embeddable":true,"href":"https:\/\/divainers.com\/cs\/wp-json\/wp\/v2\/media\/8417"}],"wp:attachment":[{"href":"https:\/\/divainers.com\/cs\/wp-json\/wp\/v2\/media?parent=8420"}],"wp:term":[{"taxonomy":"product_brand","embeddable":true,"href":"https:\/\/divainers.com\/cs\/wp-json\/wp\/v2\/product_brand?post=8420"},{"taxonomy":"product_cat","embeddable":true,"href":"https:\/\/divainers.com\/cs\/wp-json\/wp\/v2\/product_cat?post=8420"},{"taxonomy":"product_tag","embeddable":true,"href":"https:\/\/divainers.com\/cs\/wp-json\/wp\/v2\/product_tag?post=8420"}],"curies":[{"name":"wp","href":"https:\/\/api.w.org\/{rel}","templated":true}]}}