{"id":8460,"date":"2025-01-31T08:31:54","date_gmt":"2025-01-31T07:31:54","guid":{"rendered":"https:\/\/divainers.com\/producto\/divain-060\/"},"modified":"2026-04-30T16:18:25","modified_gmt":"2026-04-30T14:18:25","slug":"divain-060","status":"publish","type":"product","link":"https:\/\/divainers.com\/cs\/producto\/divain-060\/","title":{"rendered":"divain.060"},"content":{"rendered":"<p>Sladk\u00e1 a okouzluj\u00edc\u00ed v\u016fn\u011b, kter\u00e1 evokuje sv\u011bt fantazie a romantiky. Jej\u00ed jisk\u0159iv\u00fd \u00favod z kiwi, \u010derven\u00e9ho li\u010di a kdoule p\u0159in\u00e1\u0161\u00ed ovocn\u00fd a \u0161\u0165avnat\u00fd n\u00e1dech. V srdci se jasm\u00edn a b\u00edl\u00e1 \u010dokol\u00e1da spojuj\u00ed v n\u00e1vykovou a sv\u016fdnou kombinaci. V z\u00e1kladu vanilka, pi\u017emo a kr\u00e9mov\u00e9 d\u0159evit\u00e9 t\u00f3ny obaluj\u00ed v\u016fni tepl\u00fdm a obklopuj\u00edc\u00edm z\u00e1vojem. Perfektn\u00ed pro snivou, koketn\u00ed \u017eenu s magick\u00fdm a neodolateln\u00fdm duchem.<\/p>\n","protected":false},"excerpt":{"rendered":"<p>P\u0159ipom\u00edn\u00e1 Fantasy od Britney Spears<\/p>\n","protected":false},"featured_media":8458,"comment_status":"open","ping_status":"closed","template":"","meta":[],"product_brand":[],"product_cat":[1886],"product_tag":[1430],"class_list":{"0":"post-8460","1":"product","2":"type-product","3":"status-publish","4":"has-post-thumbnail","6":"product_cat-britney-spears","7":"product_tag-zeny","9":"first","10":"instock","11":"shipping-taxable","12":"product-type-simple"},"_links":{"self":[{"href":"https:\/\/divainers.com\/cs\/wp-json\/wp\/v2\/product\/8460","targetHints":{"allow":["GET"]}}],"collection":[{"href":"https:\/\/divainers.com\/cs\/wp-json\/wp\/v2\/product"}],"about":[{"href":"https:\/\/divainers.com\/cs\/wp-json\/wp\/v2\/types\/product"}],"replies":[{"embeddable":true,"href":"https:\/\/divainers.com\/cs\/wp-json\/wp\/v2\/comments?post=8460"}],"wp:featuredmedia":[{"embeddable":true,"href":"https:\/\/divainers.com\/cs\/wp-json\/wp\/v2\/media\/8458"}],"wp:attachment":[{"href":"https:\/\/divainers.com\/cs\/wp-json\/wp\/v2\/media?parent=8460"}],"wp:term":[{"taxonomy":"product_brand","embeddable":true,"href":"https:\/\/divainers.com\/cs\/wp-json\/wp\/v2\/product_brand?post=8460"},{"taxonomy":"product_cat","embeddable":true,"href":"https:\/\/divainers.com\/cs\/wp-json\/wp\/v2\/product_cat?post=8460"},{"taxonomy":"product_tag","embeddable":true,"href":"https:\/\/divainers.com\/cs\/wp-json\/wp\/v2\/product_tag?post=8460"}],"curies":[{"name":"wp","href":"https:\/\/api.w.org\/{rel}","templated":true}]}}