{"id":8502,"date":"2025-01-31T08:31:54","date_gmt":"2025-01-31T07:31:54","guid":{"rendered":"https:\/\/divainers.com\/producto\/divain-137\/"},"modified":"2026-04-30T16:18:26","modified_gmt":"2026-04-30T14:18:26","slug":"divain-137","status":"publish","type":"product","link":"https:\/\/divainers.com\/cs\/producto\/divain-137\/","title":{"rendered":"divain.137"},"content":{"rendered":"<p>Tepl\u00e1 a elegantn\u00ed v\u016fn\u011b, kter\u00e1 obklopuje smysly svou jemnou smyslnost\u00ed. Ovocn\u00fd \u00favod broskve, hru\u0161ky a \u010dern\u00e9ho ryb\u00edzu p\u0159in\u00e1\u0161\u00ed \u0161\u0165avnatou a z\u00e1\u0159ivou sladkost. V srdci jasm\u00edn a santalov\u00e9 d\u0159evo vytv\u00e1\u0159ej\u00ed jemnou a sofistikovanou kombinaci, kter\u00e1 zv\u00fdraz\u0148uje \u017eenskost s obklopuj\u00edc\u00edm n\u00e1dechem. V z\u00e1kladu vanilka a b\u00edl\u00fd pi\u017emo zanech\u00e1vaj\u00ed teplou a \u00fatulnou stopu, ide\u00e1ln\u00ed pro klasickou, sofistikovanou \u017eenu s nad\u010dasov\u00fdm kouzlem, kter\u00e1 zanech\u00e1v\u00e1 nezapomenuteln\u00fd dojem.<\/p>\n","protected":false},"excerpt":{"rendered":"<p>P\u0159ipom\u00edn\u00e1 Burberry Women od Burberry<\/p>\n","protected":false},"featured_media":8501,"comment_status":"open","ping_status":"closed","template":"","meta":[],"product_brand":[],"product_cat":[1907],"product_tag":[1430],"class_list":{"0":"post-8502","1":"product","2":"type-product","3":"status-publish","4":"has-post-thumbnail","6":"product_cat-burberry","7":"product_tag-zeny","9":"first","10":"instock","11":"shipping-taxable","12":"product-type-simple"},"_links":{"self":[{"href":"https:\/\/divainers.com\/cs\/wp-json\/wp\/v2\/product\/8502","targetHints":{"allow":["GET"]}}],"collection":[{"href":"https:\/\/divainers.com\/cs\/wp-json\/wp\/v2\/product"}],"about":[{"href":"https:\/\/divainers.com\/cs\/wp-json\/wp\/v2\/types\/product"}],"replies":[{"embeddable":true,"href":"https:\/\/divainers.com\/cs\/wp-json\/wp\/v2\/comments?post=8502"}],"wp:featuredmedia":[{"embeddable":true,"href":"https:\/\/divainers.com\/cs\/wp-json\/wp\/v2\/media\/8501"}],"wp:attachment":[{"href":"https:\/\/divainers.com\/cs\/wp-json\/wp\/v2\/media?parent=8502"}],"wp:term":[{"taxonomy":"product_brand","embeddable":true,"href":"https:\/\/divainers.com\/cs\/wp-json\/wp\/v2\/product_brand?post=8502"},{"taxonomy":"product_cat","embeddable":true,"href":"https:\/\/divainers.com\/cs\/wp-json\/wp\/v2\/product_cat?post=8502"},{"taxonomy":"product_tag","embeddable":true,"href":"https:\/\/divainers.com\/cs\/wp-json\/wp\/v2\/product_tag?post=8502"}],"curies":[{"name":"wp","href":"https:\/\/api.w.org\/{rel}","templated":true}]}}