{"id":8543,"date":"2025-06-02T11:17:25","date_gmt":"2025-06-02T09:17:25","guid":{"rendered":"https:\/\/divainers.com\/producto\/divain-469\/"},"modified":"2026-04-30T16:18:27","modified_gmt":"2026-04-30T14:18:27","slug":"divain-469","status":"publish","type":"product","link":"https:\/\/divainers.com\/cs\/producto\/divain-469\/","title":{"rendered":"divain.469"},"content":{"rendered":"<p>Intenzivn\u00ed a sofistikovan\u00e1 v\u016fn\u011b, kter\u00e1 kombinuje ko\u0159en\u011bn\u00e9 teplo s hlubok\u00fdm a elegantn\u00edm charakterem. Jej\u00ed magnetick\u00e1 a obklopuj\u00edc\u00ed p\u0159\u00edtomnost ji \u010din\u00ed ide\u00e1ln\u00ed pro ty, kte\u0159\u00ed hledaj\u00ed v\u00fdraznou esenci odr\u00e1\u017eej\u00edc\u00ed s\u00edlu a charisma.<\/p>\n","protected":false},"excerpt":{"rendered":"<p>P\u0159ipom\u00edn\u00e1 Bvlgari Manin Black od Bvlgari<\/p>\n","protected":false},"featured_media":8542,"comment_status":"closed","ping_status":"closed","template":"","meta":[],"product_brand":[],"product_cat":[1926],"product_tag":[1341],"class_list":{"0":"post-8543","1":"product","2":"type-product","3":"status-publish","4":"has-post-thumbnail","6":"product_cat-bvlgari","7":"product_tag-muzi","9":"first","10":"instock","11":"shipping-taxable","12":"product-type-simple"},"_links":{"self":[{"href":"https:\/\/divainers.com\/cs\/wp-json\/wp\/v2\/product\/8543","targetHints":{"allow":["GET"]}}],"collection":[{"href":"https:\/\/divainers.com\/cs\/wp-json\/wp\/v2\/product"}],"about":[{"href":"https:\/\/divainers.com\/cs\/wp-json\/wp\/v2\/types\/product"}],"replies":[{"embeddable":true,"href":"https:\/\/divainers.com\/cs\/wp-json\/wp\/v2\/comments?post=8543"}],"wp:featuredmedia":[{"embeddable":true,"href":"https:\/\/divainers.com\/cs\/wp-json\/wp\/v2\/media\/8542"}],"wp:attachment":[{"href":"https:\/\/divainers.com\/cs\/wp-json\/wp\/v2\/media?parent=8543"}],"wp:term":[{"taxonomy":"product_brand","embeddable":true,"href":"https:\/\/divainers.com\/cs\/wp-json\/wp\/v2\/product_brand?post=8543"},{"taxonomy":"product_cat","embeddable":true,"href":"https:\/\/divainers.com\/cs\/wp-json\/wp\/v2\/product_cat?post=8543"},{"taxonomy":"product_tag","embeddable":true,"href":"https:\/\/divainers.com\/cs\/wp-json\/wp\/v2\/product_tag?post=8543"}],"curies":[{"name":"wp","href":"https:\/\/api.w.org\/{rel}","templated":true}]}}