{"id":8629,"date":"2025-01-31T08:33:38","date_gmt":"2025-01-31T07:33:38","guid":{"rendered":"https:\/\/divainers.com\/producto\/divain-659\/"},"modified":"2026-04-30T16:18:28","modified_gmt":"2026-04-30T14:18:28","slug":"divain-659","status":"publish","type":"product","link":"https:\/\/divainers.com\/cs\/producto\/divain-659\/","title":{"rendered":"divain.659"},"content":{"rendered":"<p>V\u016fn\u011b, kter\u00e1 p\u0159ekypuje smyslnost\u00ed a tajemstv\u00edm, ide\u00e1ln\u00ed pro \u017eenu, kter\u00e1 chce okouzlit jedine\u010dnou stopou. Za\u010d\u00edn\u00e1 ovocnou a \u0161\u0165avnatou sm\u011bs\u00ed, kde \u0161vestkov\u00e9 a malinov\u00e9 t\u00f3ny p\u0159id\u00e1vaj\u00ed sladkou sv\u011b\u017eest, dopln\u011bnou jemn\u00fdm kv\u011btinov\u00fdm n\u00e1dechem. Srdce se napl\u0148uje jemn\u00fdm akordem exotick\u00fdch kv\u011btin, jako je jasm\u00edn, kter\u00fd p\u0159in\u00e1\u0161\u00ed \u017eenskou a obklopuj\u00edc\u00ed smyslnost. Nakonec z\u00e1kladn\u00ed t\u00f3ny santalov\u00e9ho d\u0159eva a pi\u017ema vytv\u00e1\u0159ej\u00ed tepl\u00fd a zemit\u00fd z\u00e1klad, kter\u00fd zanech\u00e1v\u00e1 pocit jemnosti a hloubky, je\u017e p\u0159etrv\u00e1v\u00e1.<\/p>\n","protected":false},"excerpt":{"rendered":"<p>P\u0159ipom\u00edn\u00e1 Forbidden od Victoria&#8217;s Secret<\/p>\n","protected":false},"featured_media":8627,"comment_status":"open","ping_status":"closed","template":"","meta":[],"product_brand":[],"product_cat":[1969],"product_tag":[1430],"class_list":{"0":"post-8629","1":"product","2":"type-product","3":"status-publish","4":"has-post-thumbnail","6":"product_cat-victorias-secret","7":"product_tag-zeny","9":"first","10":"instock","11":"shipping-taxable","12":"product-type-simple"},"_links":{"self":[{"href":"https:\/\/divainers.com\/cs\/wp-json\/wp\/v2\/product\/8629","targetHints":{"allow":["GET"]}}],"collection":[{"href":"https:\/\/divainers.com\/cs\/wp-json\/wp\/v2\/product"}],"about":[{"href":"https:\/\/divainers.com\/cs\/wp-json\/wp\/v2\/types\/product"}],"replies":[{"embeddable":true,"href":"https:\/\/divainers.com\/cs\/wp-json\/wp\/v2\/comments?post=8629"}],"wp:featuredmedia":[{"embeddable":true,"href":"https:\/\/divainers.com\/cs\/wp-json\/wp\/v2\/media\/8627"}],"wp:attachment":[{"href":"https:\/\/divainers.com\/cs\/wp-json\/wp\/v2\/media?parent=8629"}],"wp:term":[{"taxonomy":"product_brand","embeddable":true,"href":"https:\/\/divainers.com\/cs\/wp-json\/wp\/v2\/product_brand?post=8629"},{"taxonomy":"product_cat","embeddable":true,"href":"https:\/\/divainers.com\/cs\/wp-json\/wp\/v2\/product_cat?post=8629"},{"taxonomy":"product_tag","embeddable":true,"href":"https:\/\/divainers.com\/cs\/wp-json\/wp\/v2\/product_tag?post=8629"}],"curies":[{"name":"wp","href":"https:\/\/api.w.org\/{rel}","templated":true}]}}