{"id":9426,"date":"2025-01-31T08:32:10","date_gmt":"2025-01-31T07:32:10","guid":{"rendered":"https:\/\/divainers.com\/producto\/divain-935\/"},"modified":"2026-04-30T16:18:39","modified_gmt":"2026-04-30T14:18:39","slug":"divain-935","status":"publish","type":"product","link":"https:\/\/divainers.com\/cs\/producto\/divain-935\/","title":{"rendered":"divain.935"},"content":{"rendered":"<p>\u017div\u00e1 a jisk\u0159iv\u00e1 v\u016fn\u011b, kter\u00e1 probouz\u00ed smysly exploz\u00ed sv\u011b\u017eesti a energie. Od prvn\u00edho okam\u017eiku se citrusov\u00e9 t\u00f3ny pomeran\u010de a citronu spojuj\u00ed s n\u00e1dechem mandarinky, vytv\u00e1\u0159ej\u00edc pocit sv\u011btla a vitality, jako paprsek slunce v jasn\u00fd den. Jak se v\u016fn\u011b rozv\u00edj\u00ed, jemn\u00fd kv\u011btinov\u00fd akord jasm\u00ednu a r\u016f\u017e\u00ed p\u0159id\u00e1v\u00e1 \u017eenskou n\u011bhu, zat\u00edmco tepl\u00fd z\u00e1klad z pi\u017ema a cedru poskytuje d\u0159evitou b\u00e1zi, kter\u00e1 vyva\u017euje sv\u011b\u017eest a jemnost. Tento parf\u00e9m je ide\u00e1ln\u00ed pro ty, kte\u0159\u00ed hledaj\u00ed osv\u011b\u017euj\u00edc\u00ed a radostn\u00fd z\u00e1\u017eitek, kter\u00fd zanech\u00e1v\u00e1 lehkou, sv\u011b\u017e\u00ed a plnou vitality stopu, ide\u00e1ln\u00ed pro chv\u00edle svobody a optimismu.<\/p>\n","protected":false},"excerpt":{"rendered":"<p>P\u0159ipom\u00edn\u00e1 Chispas od Dana<\/p>\n","protected":false},"featured_media":9424,"comment_status":"open","ping_status":"closed","template":"","meta":[],"product_brand":[],"product_cat":[2308],"product_tag":[2309],"class_list":{"0":"post-9426","1":"product","2":"type-product","3":"status-publish","4":"has-post-thumbnail","6":"product_cat-dana","7":"product_tag-ninos-y-ninas","9":"first","10":"instock","11":"shipping-taxable","12":"product-type-simple"},"_links":{"self":[{"href":"https:\/\/divainers.com\/cs\/wp-json\/wp\/v2\/product\/9426","targetHints":{"allow":["GET"]}}],"collection":[{"href":"https:\/\/divainers.com\/cs\/wp-json\/wp\/v2\/product"}],"about":[{"href":"https:\/\/divainers.com\/cs\/wp-json\/wp\/v2\/types\/product"}],"replies":[{"embeddable":true,"href":"https:\/\/divainers.com\/cs\/wp-json\/wp\/v2\/comments?post=9426"}],"wp:featuredmedia":[{"embeddable":true,"href":"https:\/\/divainers.com\/cs\/wp-json\/wp\/v2\/media\/9424"}],"wp:attachment":[{"href":"https:\/\/divainers.com\/cs\/wp-json\/wp\/v2\/media?parent=9426"}],"wp:term":[{"taxonomy":"product_brand","embeddable":true,"href":"https:\/\/divainers.com\/cs\/wp-json\/wp\/v2\/product_brand?post=9426"},{"taxonomy":"product_cat","embeddable":true,"href":"https:\/\/divainers.com\/cs\/wp-json\/wp\/v2\/product_cat?post=9426"},{"taxonomy":"product_tag","embeddable":true,"href":"https:\/\/divainers.com\/cs\/wp-json\/wp\/v2\/product_tag?post=9426"}],"curies":[{"name":"wp","href":"https:\/\/api.w.org\/{rel}","templated":true}]}}