{"id":975,"date":"2025-01-31T08:33:10","date_gmt":"2025-01-31T07:33:10","guid":{"rendered":"https:\/\/divainers.com\/producto\/divain-051\/"},"modified":"2026-03-16T16:08:10","modified_gmt":"2026-03-16T15:08:10","slug":"divain-051","status":"publish","type":"product","link":"https:\/\/divainers.com\/cs\/producto\/divain-051\/","title":{"rendered":"divain.051"},"content":{"rendered":"<p>Un aroma encantador y femenino que evoca la dulzura y la frescura de un cuento de hadas moderno. Su apertura luminosa de lim\u00f3n y manzana caramelizada despierta los sentidos con una chispeante frescura afrutada. En el coraz\u00f3n, la peon\u00eda y la pralin\u00e9 aportan un toque floral y goloso, envolviendo la fragancia en una suavidad irresistible. En el fondo, la madera de cedro y el almizcle blanco crean una estela c\u00e1lida y envolvente, perfecta para la mujer so\u00f1adora, sofisticada y con un toque de travesura.<\/p>\n","protected":false},"excerpt":{"rendered":"<p>Recuerda a Nina de Nina Ricci<\/p>\n","protected":false},"featured_media":3526,"comment_status":"open","ping_status":"closed","template":"","meta":[],"product_brand":[],"product_cat":[771],"product_tag":[1448],"class_list":{"0":"post-975","1":"product","2":"type-product","3":"status-publish","4":"has-post-thumbnail","6":"product_cat-nina-ricci","7":"product_tag-moterys","9":"first","10":"instock","11":"shipping-taxable","12":"product-type-simple"},"_links":{"self":[{"href":"https:\/\/divainers.com\/cs\/wp-json\/wp\/v2\/product\/975","targetHints":{"allow":["GET"]}}],"collection":[{"href":"https:\/\/divainers.com\/cs\/wp-json\/wp\/v2\/product"}],"about":[{"href":"https:\/\/divainers.com\/cs\/wp-json\/wp\/v2\/types\/product"}],"replies":[{"embeddable":true,"href":"https:\/\/divainers.com\/cs\/wp-json\/wp\/v2\/comments?post=975"}],"wp:featuredmedia":[{"embeddable":true,"href":"https:\/\/divainers.com\/cs\/wp-json\/wp\/v2\/media\/3526"}],"wp:attachment":[{"href":"https:\/\/divainers.com\/cs\/wp-json\/wp\/v2\/media?parent=975"}],"wp:term":[{"taxonomy":"product_brand","embeddable":true,"href":"https:\/\/divainers.com\/cs\/wp-json\/wp\/v2\/product_brand?post=975"},{"taxonomy":"product_cat","embeddable":true,"href":"https:\/\/divainers.com\/cs\/wp-json\/wp\/v2\/product_cat?post=975"},{"taxonomy":"product_tag","embeddable":true,"href":"https:\/\/divainers.com\/cs\/wp-json\/wp\/v2\/product_tag?post=975"}],"curies":[{"name":"wp","href":"https:\/\/api.w.org\/{rel}","templated":true}]}}