{"id":1037,"date":"2025-01-31T08:33:18","date_gmt":"2025-01-31T07:33:18","guid":{"rendered":"https:\/\/divainers.com\/producto\/divain-695\/"},"modified":"2026-03-16T16:08:16","modified_gmt":"2026-03-16T15:08:16","slug":"divain-695","status":"publish","type":"product","link":"https:\/\/divainers.com\/da\/producto\/divain-695\/","title":{"rendered":"divain.695"},"content":{"rendered":"<p>Es una fragancia elegante y sofisticada, con una mezcla armoniosa de notas c\u00e1lidas y especiadas. Se abre con una combinaci\u00f3n fresca y afrutada de manzana y lavanda, que evoluciona hacia un coraz\u00f3n suave de geranio y un toque de vainilla. Las notas de fondo de madera de s\u00e1ndalo, pachul\u00ed y cardamomo le dan una profundidad y riqueza excepcionales. Es una fragancia que transmite confianza y clase, ideal para quien busca un perfume vers\u00e1til, que se pueda usar tanto de d\u00eda como de noche, con una estela sofisticada y una duraci\u00f3n prolongada.<\/p>\n","protected":false},"excerpt":{"rendered":"<p>Recuerda a Layton de Parfums de Parfums de Marly<\/p>\n","protected":false},"featured_media":3127,"comment_status":"open","ping_status":"closed","template":"","meta":[],"product_brand":[],"product_cat":[831],"product_tag":[1391],"class_list":{"0":"post-1037","1":"product","2":"type-product","3":"status-publish","4":"has-post-thumbnail","6":"product_cat-parfums-de-marly","7":"product_tag-unisex","9":"first","10":"instock","11":"shipping-taxable","12":"product-type-simple"},"_links":{"self":[{"href":"https:\/\/divainers.com\/da\/wp-json\/wp\/v2\/product\/1037","targetHints":{"allow":["GET"]}}],"collection":[{"href":"https:\/\/divainers.com\/da\/wp-json\/wp\/v2\/product"}],"about":[{"href":"https:\/\/divainers.com\/da\/wp-json\/wp\/v2\/types\/product"}],"replies":[{"embeddable":true,"href":"https:\/\/divainers.com\/da\/wp-json\/wp\/v2\/comments?post=1037"}],"wp:featuredmedia":[{"embeddable":true,"href":"https:\/\/divainers.com\/da\/wp-json\/wp\/v2\/media\/3127"}],"wp:attachment":[{"href":"https:\/\/divainers.com\/da\/wp-json\/wp\/v2\/media?parent=1037"}],"wp:term":[{"taxonomy":"product_brand","embeddable":true,"href":"https:\/\/divainers.com\/da\/wp-json\/wp\/v2\/product_brand?post=1037"},{"taxonomy":"product_cat","embeddable":true,"href":"https:\/\/divainers.com\/da\/wp-json\/wp\/v2\/product_cat?post=1037"},{"taxonomy":"product_tag","embeddable":true,"href":"https:\/\/divainers.com\/da\/wp-json\/wp\/v2\/product_tag?post=1037"}],"curies":[{"name":"wp","href":"https:\/\/api.w.org\/{rel}","templated":true}]}}