{"id":1049,"date":"2025-01-31T08:33:20","date_gmt":"2025-01-31T07:33:20","guid":{"rendered":"https:\/\/divainers.com\/producto\/divain-332\/"},"modified":"2026-03-16T16:08:16","modified_gmt":"2026-03-16T15:08:16","slug":"divain-332","status":"publish","type":"product","link":"https:\/\/divainers.com\/da\/producto\/divain-332\/","title":{"rendered":"divain.332"},"content":{"rendered":"<p>Un aroma refinado y atemporal, donde la lavanda y la bergamota aportan frescura en la apertura. En su coraz\u00f3n, notas especiadas y de caf\u00e9 a\u00f1aden calidez y profundidad, mientras que la base de cuero, incienso y madera de s\u00e1ndalo crea una estela elegante y envolvente. Ideal para quienes buscan sofisticaci\u00f3n con un toque seductor.<\/p>\n","protected":false},"excerpt":{"rendered":"<p>Recuerda a Endymion de Penhaligon&#8217;s<\/p>\n","protected":false},"featured_media":4403,"comment_status":"open","ping_status":"closed","template":"","meta":[],"product_brand":[],"product_cat":[852],"product_tag":[25],"class_list":{"0":"post-1049","1":"product","2":"type-product","3":"status-publish","4":"has-post-thumbnail","6":"product_cat-penhaligons","7":"product_tag-hombre","9":"first","10":"instock","11":"shipping-taxable","12":"product-type-simple"},"_links":{"self":[{"href":"https:\/\/divainers.com\/da\/wp-json\/wp\/v2\/product\/1049","targetHints":{"allow":["GET"]}}],"collection":[{"href":"https:\/\/divainers.com\/da\/wp-json\/wp\/v2\/product"}],"about":[{"href":"https:\/\/divainers.com\/da\/wp-json\/wp\/v2\/types\/product"}],"replies":[{"embeddable":true,"href":"https:\/\/divainers.com\/da\/wp-json\/wp\/v2\/comments?post=1049"}],"wp:featuredmedia":[{"embeddable":true,"href":"https:\/\/divainers.com\/da\/wp-json\/wp\/v2\/media\/4403"}],"wp:attachment":[{"href":"https:\/\/divainers.com\/da\/wp-json\/wp\/v2\/media?parent=1049"}],"wp:term":[{"taxonomy":"product_brand","embeddable":true,"href":"https:\/\/divainers.com\/da\/wp-json\/wp\/v2\/product_brand?post=1049"},{"taxonomy":"product_cat","embeddable":true,"href":"https:\/\/divainers.com\/da\/wp-json\/wp\/v2\/product_cat?post=1049"},{"taxonomy":"product_tag","embeddable":true,"href":"https:\/\/divainers.com\/da\/wp-json\/wp\/v2\/product_tag?post=1049"}],"curies":[{"name":"wp","href":"https:\/\/api.w.org\/{rel}","templated":true}]}}