{"id":1121,"date":"2025-01-31T08:33:28","date_gmt":"2025-01-31T07:33:28","guid":{"rendered":"https:\/\/divainers.com\/producto\/divain-196\/"},"modified":"2026-04-30T15:58:25","modified_gmt":"2026-04-30T13:58:25","slug":"divain-196","status":"publish","type":"product","link":"https:\/\/divainers.com\/da\/producto\/divain-196\/","title":{"rendered":"divain.196"},"content":{"rendered":"<p>Intenzivan i zavodljiv parfem koji obavija osjetila svojom sofisticirano\u0161\u0107u i toplinom. Od prvog dojma, listovi duhana i aromati\u010dni za\u010dini stvaraju dubok i obavijaju\u0107i po\u010detak, prizivaju\u0107i osje\u0107aj klasi\u010dnog luksuza. U srcu, kremasta vanilija i kakao donose zavodljivu slatko\u0107u, uravnote\u017eenu medenim dodirom tonka graha i suhim notama plemenitog drva. Na kraju, baza od ora\u0161astih plodova i balzamnih akorda dodaje dubinu i magnetizam, ostavljaju\u0107i bogat i senzualan trag. Savr\u0161en za one koji tra\u017ee sna\u017ean, profinjen i neodoljiv karakter mirisa.<\/p>\n","protected":false},"excerpt":{"rendered":"<p>Podsje\u0107a na Tobacco Vanille od Tom Ford<\/p>\n","protected":false},"featured_media":15255,"comment_status":"open","ping_status":"closed","template":"","meta":[],"product_brand":[],"product_cat":[4254],"product_tag":[1410],"class_list":{"0":"post-1121","1":"product","2":"type-product","3":"status-publish","4":"has-post-thumbnail","6":"product_cat-tom-ford","7":"product_tag-uniseks","9":"first","10":"instock","11":"shipping-taxable","12":"product-type-simple"},"_links":{"self":[{"href":"https:\/\/divainers.com\/da\/wp-json\/wp\/v2\/product\/1121","targetHints":{"allow":["GET"]}}],"collection":[{"href":"https:\/\/divainers.com\/da\/wp-json\/wp\/v2\/product"}],"about":[{"href":"https:\/\/divainers.com\/da\/wp-json\/wp\/v2\/types\/product"}],"replies":[{"embeddable":true,"href":"https:\/\/divainers.com\/da\/wp-json\/wp\/v2\/comments?post=1121"}],"wp:featuredmedia":[{"embeddable":true,"href":"https:\/\/divainers.com\/da\/wp-json\/wp\/v2\/media\/15255"}],"wp:attachment":[{"href":"https:\/\/divainers.com\/da\/wp-json\/wp\/v2\/media?parent=1121"}],"wp:term":[{"taxonomy":"product_brand","embeddable":true,"href":"https:\/\/divainers.com\/da\/wp-json\/wp\/v2\/product_brand?post=1121"},{"taxonomy":"product_cat","embeddable":true,"href":"https:\/\/divainers.com\/da\/wp-json\/wp\/v2\/product_cat?post=1121"},{"taxonomy":"product_tag","embeddable":true,"href":"https:\/\/divainers.com\/da\/wp-json\/wp\/v2\/product_tag?post=1121"}],"curies":[{"name":"wp","href":"https:\/\/api.w.org\/{rel}","templated":true}]}}