{"id":1123,"date":"2025-01-31T08:33:28","date_gmt":"2025-01-31T07:33:28","guid":{"rendered":"https:\/\/divainers.com\/producto\/divain-253\/"},"modified":"2026-04-30T15:59:27","modified_gmt":"2026-04-30T13:59:27","slug":"divain-253","status":"publish","type":"product","link":"https:\/\/divainers.com\/da\/producto\/divain-253\/","title":{"rendered":"divain.253"},"content":{"rendered":"<p>Bogati i zavodljivi miris koji vas odvodi u svijet rasko\u0161i i misterije. U otvaranju, note smole se stapaju s toplinom za\u010dina, pru\u017eaju\u0107i dubok i smolast osje\u0107aj. Srce mirisa ispunjeno je nje\u017enim dodirom lavande i vanilije, stvaraju\u0107i delikatnu, ali obavijaju\u0107u kombinaciju. Bazne note tonke i mo\u0161usa daju toplu, bar\u0161unastu i blago slatku podlogu koja se skladno spaja s ostatkom kompozicije, ostavljaju\u0107i dugotrajan i sofisticiran trag. Idealno za one koji tra\u017ee dubok, bogat i topao miris, savr\u0161en za posebne trenutke ili za one koji \u017eele mirisno iskustvo koje priziva luksuz i eleganciju.<\/p>\n","protected":false},"excerpt":{"rendered":"<p>Podsje\u0107a na Myrrh Tonka od Tom Ford<\/p>\n","protected":false},"featured_media":15303,"comment_status":"open","ping_status":"closed","template":"","meta":[],"product_brand":[],"product_cat":[4253],"product_tag":[1407],"class_list":{"0":"post-1123","1":"product","2":"type-product","3":"status-publish","4":"has-post-thumbnail","6":"product_cat-tom-ford","7":"product_tag-unisex","9":"first","10":"instock","11":"shipping-taxable","12":"product-type-simple"},"_links":{"self":[{"href":"https:\/\/divainers.com\/da\/wp-json\/wp\/v2\/product\/1123","targetHints":{"allow":["GET"]}}],"collection":[{"href":"https:\/\/divainers.com\/da\/wp-json\/wp\/v2\/product"}],"about":[{"href":"https:\/\/divainers.com\/da\/wp-json\/wp\/v2\/types\/product"}],"replies":[{"embeddable":true,"href":"https:\/\/divainers.com\/da\/wp-json\/wp\/v2\/comments?post=1123"}],"wp:featuredmedia":[{"embeddable":true,"href":"https:\/\/divainers.com\/da\/wp-json\/wp\/v2\/media\/15303"}],"wp:attachment":[{"href":"https:\/\/divainers.com\/da\/wp-json\/wp\/v2\/media?parent=1123"}],"wp:term":[{"taxonomy":"product_brand","embeddable":true,"href":"https:\/\/divainers.com\/da\/wp-json\/wp\/v2\/product_brand?post=1123"},{"taxonomy":"product_cat","embeddable":true,"href":"https:\/\/divainers.com\/da\/wp-json\/wp\/v2\/product_cat?post=1123"},{"taxonomy":"product_tag","embeddable":true,"href":"https:\/\/divainers.com\/da\/wp-json\/wp\/v2\/product_tag?post=1123"}],"curies":[{"name":"wp","href":"https:\/\/api.w.org\/{rel}","templated":true}]}}