{"id":11277,"date":"2025-01-31T08:33:26","date_gmt":"2025-01-31T07:33:26","guid":{"rendered":"https:\/\/divainers.com\/producto\/divain-544\/"},"modified":"2026-04-30T10:49:57","modified_gmt":"2026-04-30T08:49:57","slug":"divain-544","status":"publish","type":"product","link":"https:\/\/divainers.com\/da\/producto\/divain-544\/","title":{"rendered":"divain.544"},"content":{"rendered":"<p>En delikat og lys duft, der v\u00e6kker den subtile elegance og friskhed fra en kostbar juvel. Fra \u00e5bningen v\u00e6kker en blanding af friske citrusfrugter og gr\u00f8nne blade sanserne med en vibrerende og forfriskende f\u00f8lelse. I hjertet finder man en blomsterbuket af rose, jasmin og liljekonval, som tilf\u00f8rer en bl\u00f8d og raffineret femininitet, mens et strejf af hindb\u00e6r tilf\u00f8jer en let og frugtagtig s\u00f8dme. Til sidst efterlader en bund af musk, cedertr\u00e6 og vanilje en varm, omsluttende og sensuel duft. En ideel parfume for dem, der s\u00f8ger en frisk, blomsteragtig og elegant duft, perfekt til hverdag eller s\u00e6rlige lejligheder fyldt med lys og ynde.<\/p>\n","protected":false},"excerpt":{"rendered":"<p>Minder om Aura af Swarovski<\/p>\n","protected":false},"featured_media":11273,"comment_status":"open","ping_status":"closed","template":"","meta":[],"product_brand":[],"product_cat":[3212],"product_tag":[1426],"class_list":{"0":"post-11277","1":"product","2":"type-product","3":"status-publish","4":"has-post-thumbnail","6":"product_cat-swarovski","7":"product_tag-kvinder","9":"first","10":"instock","11":"shipping-taxable","12":"product-type-simple"},"_links":{"self":[{"href":"https:\/\/divainers.com\/da\/wp-json\/wp\/v2\/product\/11277","targetHints":{"allow":["GET"]}}],"collection":[{"href":"https:\/\/divainers.com\/da\/wp-json\/wp\/v2\/product"}],"about":[{"href":"https:\/\/divainers.com\/da\/wp-json\/wp\/v2\/types\/product"}],"replies":[{"embeddable":true,"href":"https:\/\/divainers.com\/da\/wp-json\/wp\/v2\/comments?post=11277"}],"wp:featuredmedia":[{"embeddable":true,"href":"https:\/\/divainers.com\/da\/wp-json\/wp\/v2\/media\/11273"}],"wp:attachment":[{"href":"https:\/\/divainers.com\/da\/wp-json\/wp\/v2\/media?parent=11277"}],"wp:term":[{"taxonomy":"product_brand","embeddable":true,"href":"https:\/\/divainers.com\/da\/wp-json\/wp\/v2\/product_brand?post=11277"},{"taxonomy":"product_cat","embeddable":true,"href":"https:\/\/divainers.com\/da\/wp-json\/wp\/v2\/product_cat?post=11277"},{"taxonomy":"product_tag","embeddable":true,"href":"https:\/\/divainers.com\/da\/wp-json\/wp\/v2\/product_tag?post=11277"}],"curies":[{"name":"wp","href":"https:\/\/api.w.org\/{rel}","templated":true}]}}