{"id":1147,"date":"2025-01-31T08:33:32","date_gmt":"2025-01-31T07:33:32","guid":{"rendered":"https:\/\/divainers.com\/producto\/divain-638\/"},"modified":"2026-04-30T16:10:58","modified_gmt":"2026-04-30T14:10:58","slug":"divain-638","status":"publish","type":"product","link":"https:\/\/divainers.com\/da\/producto\/divain-638\/","title":{"rendered":"divain.638"},"content":{"rendered":"<p>Sjajan, metalik i sofisticiran miris koji spaja modernost s klasi\u010dnim dodirom luksuza. Od samog otvaranja, svje\u017ee note aldehida i cvijeta naran\u010de stvaraju osje\u0107aj \u010disto\u0107e i elegancije, koji se kombiniraju s dodirom sandalovine i vetivera za glatku i profinjenu bazu. U srcu, cvijet badema mije\u0161a se s metalnim notama, nude\u0107i nje\u017enu i eteri\u010dnu cvjetnost, dok baza od mo\u0161usa i vanilije donosi toplu i zavodljivu senzualnost. Idealni parfem za one koji tra\u017ee cvjetni i za\u010dinski miris s modernim i futuristi\u010dkim dodirom. Savr\u0161en za elegantne prilike ili kao jedinstveni osobni potpis, njegov svje\u017ei, a opet topao karakter \u010dini ga sofisticiranim izborom za one koji tra\u017ee sofisticirane i nezaboravne mirise.<\/p>\n","protected":false},"excerpt":{"rendered":"<p>Podsje\u0107a na M\u00e9tallique od Tom Ford<\/p>\n","protected":false},"featured_media":15613,"comment_status":"open","ping_status":"closed","template":"","meta":[],"product_brand":[],"product_cat":[4267],"product_tag":[38],"class_list":{"0":"post-1147","1":"product","2":"type-product","3":"status-publish","4":"has-post-thumbnail","6":"product_cat-tom-ford","7":"product_tag-mujer","9":"first","10":"instock","11":"shipping-taxable","12":"product-type-simple"},"_links":{"self":[{"href":"https:\/\/divainers.com\/da\/wp-json\/wp\/v2\/product\/1147","targetHints":{"allow":["GET"]}}],"collection":[{"href":"https:\/\/divainers.com\/da\/wp-json\/wp\/v2\/product"}],"about":[{"href":"https:\/\/divainers.com\/da\/wp-json\/wp\/v2\/types\/product"}],"replies":[{"embeddable":true,"href":"https:\/\/divainers.com\/da\/wp-json\/wp\/v2\/comments?post=1147"}],"wp:featuredmedia":[{"embeddable":true,"href":"https:\/\/divainers.com\/da\/wp-json\/wp\/v2\/media\/15613"}],"wp:attachment":[{"href":"https:\/\/divainers.com\/da\/wp-json\/wp\/v2\/media?parent=1147"}],"wp:term":[{"taxonomy":"product_brand","embeddable":true,"href":"https:\/\/divainers.com\/da\/wp-json\/wp\/v2\/product_brand?post=1147"},{"taxonomy":"product_cat","embeddable":true,"href":"https:\/\/divainers.com\/da\/wp-json\/wp\/v2\/product_cat?post=1147"},{"taxonomy":"product_tag","embeddable":true,"href":"https:\/\/divainers.com\/da\/wp-json\/wp\/v2\/product_tag?post=1147"}],"curies":[{"name":"wp","href":"https:\/\/api.w.org\/{rel}","templated":true}]}}