{"id":1158,"date":"2025-01-31T08:33:33","date_gmt":"2025-01-31T07:33:33","guid":{"rendered":"https:\/\/divainers.com\/producto\/divain-779\/"},"modified":"2026-04-30T16:13:40","modified_gmt":"2026-04-30T14:13:40","slug":"divain-779","status":"publish","type":"product","link":"https:\/\/divainers.com\/da\/producto\/divain-779\/","title":{"rendered":"divain.779"},"content":{"rendered":"<p>Ovaj uniseks miris zapo\u010dinje za\u010dinjenim otvaranjem bijelog papra, donose\u0107i iskru energije koja priprema pozornicu za bogatstvo cvjetnih nota koje slijede. U srcu se razvija intenzivna i sofisticirana ru\u017ea, dodaju\u0107i dubinu i slo\u017eenost kompoziciji. Ko\u017ena baza i drvenaste note pru\u017eaju toplinu i dubinu koja obavija ko\u017eu, odra\u017eavaju\u0107i bit konji\u010dke tradicije brenda. Ova kompozicija hvata slobodu u pokretu, nude\u0107i jedinstveno senzorno iskustvo koje traje.<\/p>\n","protected":false},"excerpt":{"rendered":"<p>Podsje\u0107a na Rose De Russie od Tom Ford<\/p>\n","protected":false},"featured_media":15735,"comment_status":"open","ping_status":"closed","template":"","meta":[],"product_brand":[],"product_cat":[4270],"product_tag":[1404],"class_list":{"0":"post-1158","1":"product","2":"type-product","3":"status-publish","4":"has-post-thumbnail","6":"product_cat-tom-ford","7":"product_tag-unisex","9":"first","10":"instock","11":"shipping-taxable","12":"product-type-simple"},"_links":{"self":[{"href":"https:\/\/divainers.com\/da\/wp-json\/wp\/v2\/product\/1158","targetHints":{"allow":["GET"]}}],"collection":[{"href":"https:\/\/divainers.com\/da\/wp-json\/wp\/v2\/product"}],"about":[{"href":"https:\/\/divainers.com\/da\/wp-json\/wp\/v2\/types\/product"}],"replies":[{"embeddable":true,"href":"https:\/\/divainers.com\/da\/wp-json\/wp\/v2\/comments?post=1158"}],"wp:featuredmedia":[{"embeddable":true,"href":"https:\/\/divainers.com\/da\/wp-json\/wp\/v2\/media\/15735"}],"wp:attachment":[{"href":"https:\/\/divainers.com\/da\/wp-json\/wp\/v2\/media?parent=1158"}],"wp:term":[{"taxonomy":"product_brand","embeddable":true,"href":"https:\/\/divainers.com\/da\/wp-json\/wp\/v2\/product_brand?post=1158"},{"taxonomy":"product_cat","embeddable":true,"href":"https:\/\/divainers.com\/da\/wp-json\/wp\/v2\/product_cat?post=1158"},{"taxonomy":"product_tag","embeddable":true,"href":"https:\/\/divainers.com\/da\/wp-json\/wp\/v2\/product_tag?post=1158"}],"curies":[{"name":"wp","href":"https:\/\/api.w.org\/{rel}","templated":true}]}}