{"id":11725,"date":"2025-01-31T08:33:27","date_gmt":"2025-01-31T07:33:27","guid":{"rendered":"https:\/\/divainers.com\/producto\/divain-903\/"},"modified":"2026-04-30T10:53:10","modified_gmt":"2026-04-30T08:53:10","slug":"divain-903","status":"publish","type":"product","link":"https:\/\/divainers.com\/da\/producto\/divain-903\/","title":{"rendered":"divain.903"},"content":{"rendered":"<p>En fortryllende og delikat duft, der v\u00e6kker barndommens renhed med en frisk og bl\u00f8d blanding af klare citrusfrugter og blide blomster. \u00c5bningen er et suk af citron og s\u00f8de appelsiner, der straks v\u00e6kker sanserne med ungdommelig vitalitet. Efterh\u00e5nden som duften udvikler sig, tilf\u00f8jer noter af appelsinblomst og jasmin et varmt og delikat touch, mens bunden af mandel og vanilje omslutter duften i en beroligende bl\u00f8dhed og efterlader en s\u00f8d og let cremet duft. Denne parfume er perfekt til dem, der s\u00f8ger en let, frisk og blid duft, som afspejler uskylden og gl\u00e6den ved de f\u00f8rste \u00f8jeblikke og skaber en f\u00f8lelse af varme og friskhed, der blidt varer hele dagen.<\/p>\n","protected":false},"excerpt":{"rendered":"<p>Minder om Ptisenbon af Tartine et Chocolat<\/p>\n","protected":false},"featured_media":3193,"comment_status":"open","ping_status":"closed","template":"","meta":[],"product_brand":[],"product_cat":[3442],"product_tag":[2313],"class_list":{"0":"post-11725","1":"product","2":"type-product","3":"status-publish","4":"has-post-thumbnail","6":"product_cat-tartine-et-chocolat","7":"product_tag-ninos-y-ninas","9":"first","10":"instock","11":"shipping-taxable","12":"product-type-simple"},"_links":{"self":[{"href":"https:\/\/divainers.com\/da\/wp-json\/wp\/v2\/product\/11725","targetHints":{"allow":["GET"]}}],"collection":[{"href":"https:\/\/divainers.com\/da\/wp-json\/wp\/v2\/product"}],"about":[{"href":"https:\/\/divainers.com\/da\/wp-json\/wp\/v2\/types\/product"}],"replies":[{"embeddable":true,"href":"https:\/\/divainers.com\/da\/wp-json\/wp\/v2\/comments?post=11725"}],"wp:featuredmedia":[{"embeddable":true,"href":"https:\/\/divainers.com\/da\/wp-json\/wp\/v2\/media\/3193"}],"wp:attachment":[{"href":"https:\/\/divainers.com\/da\/wp-json\/wp\/v2\/media?parent=11725"}],"wp:term":[{"taxonomy":"product_brand","embeddable":true,"href":"https:\/\/divainers.com\/da\/wp-json\/wp\/v2\/product_brand?post=11725"},{"taxonomy":"product_cat","embeddable":true,"href":"https:\/\/divainers.com\/da\/wp-json\/wp\/v2\/product_cat?post=11725"},{"taxonomy":"product_tag","embeddable":true,"href":"https:\/\/divainers.com\/da\/wp-json\/wp\/v2\/product_tag?post=11725"}],"curies":[{"name":"wp","href":"https:\/\/api.w.org\/{rel}","templated":true}]}}