{"id":1193,"date":"2025-01-31T08:33:38","date_gmt":"2025-01-31T07:33:38","guid":{"rendered":"https:\/\/divainers.com\/producto\/divain-529\/"},"modified":"2026-04-30T16:08:03","modified_gmt":"2026-04-30T14:08:03","slug":"divain-529","status":"publish","type":"product","link":"https:\/\/divainers.com\/da\/producto\/divain-529\/","title":{"rendered":"divain.529"},"content":{"rendered":"<p>Svje\u017ei i blistavi miris koji hvata bit svjetlosti i svje\u017eine u elegantnom i sofisticiranom parfemu. Od otvaranja, svje\u017ea iskra limuna, kru\u0161ke i yuzua budi osjetila s \u017eivahnom citrusnom energijom. U srcu, nje\u017eni buket cvijeta naran\u010de, jasmina i ljubi\u010dice donosi cvjetnu, svijetlu i prozra\u010dnu \u017eenstvenost. Na kraju, mekana baza od jantara, mo\u0161usa i sandalovine ostavlja topao, profinjen i dugotrajan trag. Elegantni i osvje\u017eavaju\u0107i parfem, idealan za one koji tra\u017ee svje\u017e, cvjetni i blistavi miris, savr\u0161en za dan i posebne prilike.<\/p>\n","protected":false},"excerpt":{"rendered":"<p>Podsje\u0107a na Yellow Diamond od Versace<\/p>\n","protected":false},"featured_media":15521,"comment_status":"open","ping_status":"closed","template":"","meta":[],"product_brand":[],"product_cat":[1740],"product_tag":[1434],"class_list":{"0":"post-1193","1":"product","2":"type-product","3":"status-publish","4":"has-post-thumbnail","6":"product_cat-versace","7":"product_tag-zene","9":"first","10":"instock","11":"shipping-taxable","12":"product-type-simple"},"_links":{"self":[{"href":"https:\/\/divainers.com\/da\/wp-json\/wp\/v2\/product\/1193","targetHints":{"allow":["GET"]}}],"collection":[{"href":"https:\/\/divainers.com\/da\/wp-json\/wp\/v2\/product"}],"about":[{"href":"https:\/\/divainers.com\/da\/wp-json\/wp\/v2\/types\/product"}],"replies":[{"embeddable":true,"href":"https:\/\/divainers.com\/da\/wp-json\/wp\/v2\/comments?post=1193"}],"wp:featuredmedia":[{"embeddable":true,"href":"https:\/\/divainers.com\/da\/wp-json\/wp\/v2\/media\/15521"}],"wp:attachment":[{"href":"https:\/\/divainers.com\/da\/wp-json\/wp\/v2\/media?parent=1193"}],"wp:term":[{"taxonomy":"product_brand","embeddable":true,"href":"https:\/\/divainers.com\/da\/wp-json\/wp\/v2\/product_brand?post=1193"},{"taxonomy":"product_cat","embeddable":true,"href":"https:\/\/divainers.com\/da\/wp-json\/wp\/v2\/product_cat?post=1193"},{"taxonomy":"product_tag","embeddable":true,"href":"https:\/\/divainers.com\/da\/wp-json\/wp\/v2\/product_tag?post=1193"}],"curies":[{"name":"wp","href":"https:\/\/api.w.org\/{rel}","templated":true}]}}