{"id":1217,"date":"2025-01-31T08:33:41","date_gmt":"2025-01-31T07:33:41","guid":{"rendered":"https:\/\/divainers.com\/producto\/divain-115\/"},"modified":"2026-04-30T15:55:54","modified_gmt":"2026-04-30T13:55:54","slug":"divain-115","status":"publish","type":"product","link":"https:\/\/divainers.com\/da\/producto\/divain-115\/","title":{"rendered":"divain.115"},"content":{"rendered":"<p>Opijaju\u0107i i rasko\u0161an miris koji budi osjetila svojim orijentalnim i zavodljivim karakterom. Njegov za\u010dinski po\u010detak klin\u010di\u0107em, paprom i bergamotom donosi topao i intrigantan uvod. U srcu, smola, jasmin i cimet obavijaju miris egzoti\u010dnom i tajanstvenom aurom. U bazi, vanilija, jantar i pa\u010duli stvaraju dubok i obavijaju\u0107i trag, savr\u0161en za strastvenu, sofisticiranu \u017eenu s neodoljivim magnetizmom koja ostavlja trag gdje god da krene.<\/p>\n","protected":false},"excerpt":{"rendered":"<p>Podsje\u0107a na Opium od Yves Saint Laurent<\/p>\n","protected":false},"featured_media":15180,"comment_status":"open","ping_status":"closed","template":"","meta":[],"product_brand":[],"product_cat":[2243],"product_tag":[1434],"class_list":{"0":"post-1217","1":"product","2":"type-product","3":"status-publish","4":"has-post-thumbnail","6":"product_cat-yves-saint-laurent","7":"product_tag-zene","9":"first","10":"instock","11":"shipping-taxable","12":"product-type-simple"},"_links":{"self":[{"href":"https:\/\/divainers.com\/da\/wp-json\/wp\/v2\/product\/1217","targetHints":{"allow":["GET"]}}],"collection":[{"href":"https:\/\/divainers.com\/da\/wp-json\/wp\/v2\/product"}],"about":[{"href":"https:\/\/divainers.com\/da\/wp-json\/wp\/v2\/types\/product"}],"replies":[{"embeddable":true,"href":"https:\/\/divainers.com\/da\/wp-json\/wp\/v2\/comments?post=1217"}],"wp:featuredmedia":[{"embeddable":true,"href":"https:\/\/divainers.com\/da\/wp-json\/wp\/v2\/media\/15180"}],"wp:attachment":[{"href":"https:\/\/divainers.com\/da\/wp-json\/wp\/v2\/media?parent=1217"}],"wp:term":[{"taxonomy":"product_brand","embeddable":true,"href":"https:\/\/divainers.com\/da\/wp-json\/wp\/v2\/product_brand?post=1217"},{"taxonomy":"product_cat","embeddable":true,"href":"https:\/\/divainers.com\/da\/wp-json\/wp\/v2\/product_cat?post=1217"},{"taxonomy":"product_tag","embeddable":true,"href":"https:\/\/divainers.com\/da\/wp-json\/wp\/v2\/product_tag?post=1217"}],"curies":[{"name":"wp","href":"https:\/\/api.w.org\/{rel}","templated":true}]}}