{"id":1226,"date":"2025-01-31T08:33:43","date_gmt":"2025-01-31T07:33:43","guid":{"rendered":"https:\/\/divainers.com\/producto\/divain-502\/"},"modified":"2026-04-30T16:07:01","modified_gmt":"2026-04-30T14:07:01","slug":"divain-502","status":"publish","type":"product","link":"https:\/\/divainers.com\/da\/producto\/divain-502\/","title":{"rendered":"divain.502"},"content":{"rendered":"<p>Sofisticirani i zavodljivi miris koji utjelovljuje eleganciju i misterij pari\u0161ke \u017eene. Od otvaranja, so\u010dni eksploziv borovnice i kupine budi osjetila s vo\u0107nim i \u017eivahnim dodirom. U srcu se damask ru\u017ea isprepli\u0107e s ljubi\u010dicom i bo\u017eurima, stvaraju\u0107i bar\u0161unasti i senzualni cvjetni buket. Na kraju, topla baza od mo\u0161usa, pa\u010dulija i sandalovine obavija ko\u017eu zavodljivim, sofisticiranim i lagano pra\u0161kastim tragom. \u017denski i zavodljivi parfem, idealan za one koji tra\u017ee elegantan, romanti\u010dan miris s nezaboravnim karakterom.<\/p>\n","protected":false},"excerpt":{"rendered":"<p>Podsje\u0107a na Parisienne od Yves Saint Laurent<\/p>\n","protected":false},"featured_media":15499,"comment_status":"open","ping_status":"closed","template":"","meta":[],"product_brand":[],"product_cat":[2256],"product_tag":[1456],"class_list":{"0":"post-1226","1":"product","2":"type-product","3":"status-publish","4":"has-post-thumbnail","6":"product_cat-yves-saint-laurent","7":"product_tag-1456","9":"first","10":"instock","11":"shipping-taxable","12":"product-type-simple"},"_links":{"self":[{"href":"https:\/\/divainers.com\/da\/wp-json\/wp\/v2\/product\/1226","targetHints":{"allow":["GET"]}}],"collection":[{"href":"https:\/\/divainers.com\/da\/wp-json\/wp\/v2\/product"}],"about":[{"href":"https:\/\/divainers.com\/da\/wp-json\/wp\/v2\/types\/product"}],"replies":[{"embeddable":true,"href":"https:\/\/divainers.com\/da\/wp-json\/wp\/v2\/comments?post=1226"}],"wp:featuredmedia":[{"embeddable":true,"href":"https:\/\/divainers.com\/da\/wp-json\/wp\/v2\/media\/15499"}],"wp:attachment":[{"href":"https:\/\/divainers.com\/da\/wp-json\/wp\/v2\/media?parent=1226"}],"wp:term":[{"taxonomy":"product_brand","embeddable":true,"href":"https:\/\/divainers.com\/da\/wp-json\/wp\/v2\/product_brand?post=1226"},{"taxonomy":"product_cat","embeddable":true,"href":"https:\/\/divainers.com\/da\/wp-json\/wp\/v2\/product_cat?post=1226"},{"taxonomy":"product_tag","embeddable":true,"href":"https:\/\/divainers.com\/da\/wp-json\/wp\/v2\/product_tag?post=1226"}],"curies":[{"name":"wp","href":"https:\/\/api.w.org\/{rel}","templated":true}]}}