{"id":1227,"date":"2025-01-31T08:33:43","date_gmt":"2025-01-31T07:33:43","guid":{"rendered":"https:\/\/divainers.com\/producto\/divain-521\/"},"modified":"2026-04-30T16:07:43","modified_gmt":"2026-04-30T14:07:43","slug":"divain-521","status":"publish","type":"product","link":"https:\/\/divainers.com\/da\/producto\/divain-521\/","title":{"rendered":"divain.521"},"content":{"rendered":"<p>Glamurozan i sofisticiran miris koji obavija osjetila blistavom \u017eenstveno\u0161\u0107u i aurom filmske zvijezde. Od samog otvaranja, svijetla eksplozija klementine i badema budi osjetila vo\u0107nim i lagano slatkim dodirom. U srcu, elegantan buket bo\u017eura, jasmina i amarilisa donosi bar\u0161unastu i zavodljivu senzualnost. Na kraju, topla baza od vanilije, jantara i mo\u0161usa ostavlja zlatni, kremasti i ovisni\u010dki trag. Elegantan i o\u010daravaju\u0107i parfem, idealan za one koji tra\u017ee senzualan, sofisticiran miris s neodoljivim \u0161armom dostojnim crvenog tepiha.<\/p>\n","protected":false},"excerpt":{"rendered":"<p>Podsje\u0107a na Cin\u00e9ma od Yves Saint Laurent<\/p>\n","protected":false},"featured_media":15513,"comment_status":"open","ping_status":"closed","template":"","meta":[],"product_brand":[],"product_cat":[2249],"product_tag":[1456],"class_list":{"0":"post-1227","1":"product","2":"type-product","3":"status-publish","4":"has-post-thumbnail","6":"product_cat-yves-saint-laurent","7":"product_tag-1456","9":"first","10":"instock","11":"shipping-taxable","12":"product-type-simple"},"_links":{"self":[{"href":"https:\/\/divainers.com\/da\/wp-json\/wp\/v2\/product\/1227","targetHints":{"allow":["GET"]}}],"collection":[{"href":"https:\/\/divainers.com\/da\/wp-json\/wp\/v2\/product"}],"about":[{"href":"https:\/\/divainers.com\/da\/wp-json\/wp\/v2\/types\/product"}],"replies":[{"embeddable":true,"href":"https:\/\/divainers.com\/da\/wp-json\/wp\/v2\/comments?post=1227"}],"wp:featuredmedia":[{"embeddable":true,"href":"https:\/\/divainers.com\/da\/wp-json\/wp\/v2\/media\/15513"}],"wp:attachment":[{"href":"https:\/\/divainers.com\/da\/wp-json\/wp\/v2\/media?parent=1227"}],"wp:term":[{"taxonomy":"product_brand","embeddable":true,"href":"https:\/\/divainers.com\/da\/wp-json\/wp\/v2\/product_brand?post=1227"},{"taxonomy":"product_cat","embeddable":true,"href":"https:\/\/divainers.com\/da\/wp-json\/wp\/v2\/product_cat?post=1227"},{"taxonomy":"product_tag","embeddable":true,"href":"https:\/\/divainers.com\/da\/wp-json\/wp\/v2\/product_tag?post=1227"}],"curies":[{"name":"wp","href":"https:\/\/api.w.org\/{rel}","templated":true}]}}