{"id":12306,"date":"2025-01-31T08:33:27","date_gmt":"2025-01-31T07:33:27","guid":{"rendered":"https:\/\/divainers.com\/producto\/divain-036\/"},"modified":"2026-04-30T10:56:39","modified_gmt":"2026-04-30T08:56:39","slug":"divain-036","status":"publish","type":"product","link":"https:\/\/divainers.com\/da\/producto\/divain-036\/","title":{"rendered":"divain.036"},"content":{"rendered":"<p>En kraftfuld og avantgardistisk duft, der forener intensitet og sofistikering i en uforglemmelig komposition. Dens livlige \u00e5bning med mynte og lavendel giver friskhed, mens et vanedannende hjerte af kaffe og karamel tilf\u00f8jer et s\u00f8dt og krydret touch, der skaber en varm og omsluttende f\u00f8lelse. I bunden forst\u00e6rker patchouli, musk og vanilje dens dybe og magnetiske karakter og efterlader en intens og langvarig duft. Perfekt til den modige og karismatiske mand, der s\u00f8ger en unik og personlig duft.<\/p>\n","protected":false},"excerpt":{"rendered":"<p>Minder om A*Men af Thierry Mugler<\/p>\n","protected":false},"featured_media":12305,"comment_status":"open","ping_status":"closed","template":"","meta":[],"product_brand":[],"product_cat":[3735],"product_tag":[1337],"class_list":{"0":"post-12306","1":"product","2":"type-product","3":"status-publish","4":"has-post-thumbnail","6":"product_cat-thierry-mugler","7":"product_tag-maend","9":"first","10":"instock","11":"shipping-taxable","12":"product-type-simple"},"_links":{"self":[{"href":"https:\/\/divainers.com\/da\/wp-json\/wp\/v2\/product\/12306","targetHints":{"allow":["GET"]}}],"collection":[{"href":"https:\/\/divainers.com\/da\/wp-json\/wp\/v2\/product"}],"about":[{"href":"https:\/\/divainers.com\/da\/wp-json\/wp\/v2\/types\/product"}],"replies":[{"embeddable":true,"href":"https:\/\/divainers.com\/da\/wp-json\/wp\/v2\/comments?post=12306"}],"wp:featuredmedia":[{"embeddable":true,"href":"https:\/\/divainers.com\/da\/wp-json\/wp\/v2\/media\/12305"}],"wp:attachment":[{"href":"https:\/\/divainers.com\/da\/wp-json\/wp\/v2\/media?parent=12306"}],"wp:term":[{"taxonomy":"product_brand","embeddable":true,"href":"https:\/\/divainers.com\/da\/wp-json\/wp\/v2\/product_brand?post=12306"},{"taxonomy":"product_cat","embeddable":true,"href":"https:\/\/divainers.com\/da\/wp-json\/wp\/v2\/product_cat?post=12306"},{"taxonomy":"product_tag","embeddable":true,"href":"https:\/\/divainers.com\/da\/wp-json\/wp\/v2\/product_tag?post=12306"}],"curies":[{"name":"wp","href":"https:\/\/api.w.org\/{rel}","templated":true}]}}