{"id":12853,"date":"2025-01-31T08:33:28","date_gmt":"2025-01-31T07:33:28","guid":{"rendered":"https:\/\/divainers.com\/producto\/divain-426\/"},"modified":"2026-04-30T10:59:33","modified_gmt":"2026-04-30T08:59:33","slug":"divain-426","status":"publish","type":"product","link":"https:\/\/divainers.com\/da\/producto\/divain-426\/","title":{"rendered":"divain.426"},"content":{"rendered":"<p>En magnetisk og omsluttende duft, der v\u00e6kker sanserne med sin overd\u00e5dige fusion af saftige frugter og sensuelt tr\u00e6. Fra f\u00f8rste \u00f8jeblik fylder en frugtagtig eksplosion af passionsfrugt, fersken og solb\u00e6r luften med en eksotisk og fristende s\u00f8dme. I hjertet v\u00e6ver en delikat blomsteragtig akkord sig sammen med ravagtige nuancer og tilf\u00f8rer dybde og mystik. Til sidst skaber basen af moskus, patchouli og sandeltr\u00e6 en cremet og vanedannende duft, der efterlader et uforglemmeligt indtryk. En hypnotisk og forf\u00f8rende parfume, ideel til dem, der s\u00f8ger en intens, sofistikeret og personlig duft.<\/p>\n","protected":false},"excerpt":{"rendered":"<p>Ligner Kirke af Tiziana Terenzi<\/p>\n","protected":false},"featured_media":12852,"comment_status":"open","ping_status":"closed","template":"","meta":[],"product_brand":[],"product_cat":[4008],"product_tag":[1405],"class_list":{"0":"post-12853","1":"product","2":"type-product","3":"status-publish","4":"has-post-thumbnail","6":"product_cat-tiziana-terenzi","7":"product_tag-unisex","9":"first","10":"instock","11":"shipping-taxable","12":"product-type-simple"},"_links":{"self":[{"href":"https:\/\/divainers.com\/da\/wp-json\/wp\/v2\/product\/12853","targetHints":{"allow":["GET"]}}],"collection":[{"href":"https:\/\/divainers.com\/da\/wp-json\/wp\/v2\/product"}],"about":[{"href":"https:\/\/divainers.com\/da\/wp-json\/wp\/v2\/types\/product"}],"replies":[{"embeddable":true,"href":"https:\/\/divainers.com\/da\/wp-json\/wp\/v2\/comments?post=12853"}],"wp:featuredmedia":[{"embeddable":true,"href":"https:\/\/divainers.com\/da\/wp-json\/wp\/v2\/media\/12852"}],"wp:attachment":[{"href":"https:\/\/divainers.com\/da\/wp-json\/wp\/v2\/media?parent=12853"}],"wp:term":[{"taxonomy":"product_brand","embeddable":true,"href":"https:\/\/divainers.com\/da\/wp-json\/wp\/v2\/product_brand?post=12853"},{"taxonomy":"product_cat","embeddable":true,"href":"https:\/\/divainers.com\/da\/wp-json\/wp\/v2\/product_cat?post=12853"},{"taxonomy":"product_tag","embeddable":true,"href":"https:\/\/divainers.com\/da\/wp-json\/wp\/v2\/product_tag?post=12853"}],"curies":[{"name":"wp","href":"https:\/\/api.w.org\/{rel}","templated":true}]}}