{"id":13418,"date":"2025-01-31T08:33:35","date_gmt":"2025-01-31T07:33:35","guid":{"rendered":"https:\/\/divainers.com\/producto\/divain-092\/"},"modified":"2026-04-30T11:03:32","modified_gmt":"2026-04-30T09:03:32","slug":"divain-092","status":"publish","type":"product","link":"https:\/\/divainers.com\/da\/producto\/divain-092\/","title":{"rendered":"divain.092"},"content":{"rendered":"<p>En frisk og livlig duft, der indfanger essensen af ungdom og frihed. Dens sprudlende \u00e5bning med \u00e6ble, solb\u00e6r og mandarin giver en lys og forfriskende energi. I hjertet omslutter kombinationen af rose, lilje og jasmin duften med en bl\u00f8d og naturlig femininitet. I bunden skaber sandeltr\u00e6 og ceder en varm og let duft, perfekt til den spontane, optimistiske kvinde med en fri \u00e5nd, der nyder hvert \u00f8jeblik.<\/p>\n","protected":false},"excerpt":{"rendered":"<p>Ligner Tommy Girl af Tommy Hilfiger<\/p>\n","protected":false},"featured_media":13417,"comment_status":"open","ping_status":"closed","template":"","meta":[],"product_brand":[],"product_cat":[4274],"product_tag":[1426],"class_list":{"0":"post-13418","1":"product","2":"type-product","3":"status-publish","4":"has-post-thumbnail","6":"product_cat-tommy-hilfiger","7":"product_tag-kvinder","9":"first","10":"instock","11":"shipping-taxable","12":"product-type-simple"},"_links":{"self":[{"href":"https:\/\/divainers.com\/da\/wp-json\/wp\/v2\/product\/13418","targetHints":{"allow":["GET"]}}],"collection":[{"href":"https:\/\/divainers.com\/da\/wp-json\/wp\/v2\/product"}],"about":[{"href":"https:\/\/divainers.com\/da\/wp-json\/wp\/v2\/types\/product"}],"replies":[{"embeddable":true,"href":"https:\/\/divainers.com\/da\/wp-json\/wp\/v2\/comments?post=13418"}],"wp:featuredmedia":[{"embeddable":true,"href":"https:\/\/divainers.com\/da\/wp-json\/wp\/v2\/media\/13417"}],"wp:attachment":[{"href":"https:\/\/divainers.com\/da\/wp-json\/wp\/v2\/media?parent=13418"}],"wp:term":[{"taxonomy":"product_brand","embeddable":true,"href":"https:\/\/divainers.com\/da\/wp-json\/wp\/v2\/product_brand?post=13418"},{"taxonomy":"product_cat","embeddable":true,"href":"https:\/\/divainers.com\/da\/wp-json\/wp\/v2\/product_cat?post=13418"},{"taxonomy":"product_tag","embeddable":true,"href":"https:\/\/divainers.com\/da\/wp-json\/wp\/v2\/product_tag?post=13418"}],"curies":[{"name":"wp","href":"https:\/\/api.w.org\/{rel}","templated":true}]}}