{"id":13932,"date":"2025-01-31T08:33:35","date_gmt":"2025-01-31T07:33:35","guid":{"rendered":"https:\/\/divainers.com\/producto\/divain-061\/"},"modified":"2026-04-30T11:06:08","modified_gmt":"2026-04-30T09:06:08","slug":"divain-061","status":"publish","type":"product","link":"https:\/\/divainers.com\/da\/producto\/divain-061\/","title":{"rendered":"divain.061"},"content":{"rendered":"<p>En bl\u00f8d og elegant duft, der udstr\u00e5ler friskhed og delikatesse i hver note. Dens lyse \u00e5bning med bergamot og violblade giver et citrus- og gr\u00f8nt pr\u00e6g, mens et blomsterhjerte af rose, p\u00e6on og jasmin omslutter duften med femininitet og sofistikering. I bunden skaber hvid musk og cedertr\u00e6 en varm og omsluttende duft, perfekt til den subtile, elegante kvinde med en naturlig charme.<\/p>\n","protected":false},"excerpt":{"rendered":"<p>Ligner Tous af Tous<\/p>\n","protected":false},"featured_media":13930,"comment_status":"open","ping_status":"closed","template":"","meta":[],"product_brand":[],"product_cat":[4522],"product_tag":[1426],"class_list":{"0":"post-13932","1":"product","2":"type-product","3":"status-publish","4":"has-post-thumbnail","6":"product_cat-tous","7":"product_tag-kvinder","9":"first","10":"instock","11":"shipping-taxable","12":"product-type-simple"},"_links":{"self":[{"href":"https:\/\/divainers.com\/da\/wp-json\/wp\/v2\/product\/13932","targetHints":{"allow":["GET"]}}],"collection":[{"href":"https:\/\/divainers.com\/da\/wp-json\/wp\/v2\/product"}],"about":[{"href":"https:\/\/divainers.com\/da\/wp-json\/wp\/v2\/types\/product"}],"replies":[{"embeddable":true,"href":"https:\/\/divainers.com\/da\/wp-json\/wp\/v2\/comments?post=13932"}],"wp:featuredmedia":[{"embeddable":true,"href":"https:\/\/divainers.com\/da\/wp-json\/wp\/v2\/media\/13930"}],"wp:attachment":[{"href":"https:\/\/divainers.com\/da\/wp-json\/wp\/v2\/media?parent=13932"}],"wp:term":[{"taxonomy":"product_brand","embeddable":true,"href":"https:\/\/divainers.com\/da\/wp-json\/wp\/v2\/product_brand?post=13932"},{"taxonomy":"product_cat","embeddable":true,"href":"https:\/\/divainers.com\/da\/wp-json\/wp\/v2\/product_cat?post=13932"},{"taxonomy":"product_tag","embeddable":true,"href":"https:\/\/divainers.com\/da\/wp-json\/wp\/v2\/product_tag?post=13932"}],"curies":[{"name":"wp","href":"https:\/\/api.w.org\/{rel}","templated":true}]}}