{"id":356,"date":"2025-01-31T08:31:53","date_gmt":"2025-01-31T07:31:53","guid":{"rendered":"https:\/\/divainers.com\/producto\/divain-452\/"},"modified":"2026-04-30T11:08:04","modified_gmt":"2026-04-30T09:08:04","slug":"divain-452","status":"publish","type":"product","link":"https:\/\/divainers.com\/da\/producto\/divain-452\/","title":{"rendered":"divain.452"},"content":{"rendered":"<p>En levende og sofistikeret duft, der indfanger byens dynamiske energi med et strejf af friskhed og uimodst\u00e5elig varme. \u00c5bningen er lys og saftig med en eksplosion af solb\u00e6r og bl\u00e5b\u00e6r, fremh\u00e6vet af gr\u00f8nne og krydrede noter, der v\u00e6kker sanserne. I hjertet giver viol og kanel dybde og en raffineret luft, mens basen af rav, vanilje og \u00e6dle tr\u00e6sorter omslutter huden med en omfavnende, cremet og forf\u00f8rende duft. En moderne og alsidig parfume, ideel til dem, der s\u00f8ger en unik, sofistikeret duft med en uforglemmelig tilstedev\u00e6relse.<\/p>\n","protected":false},"excerpt":{"rendered":"<p>Minder om Bleecker Street fra Bond No 9<\/p>\n","protected":false},"featured_media":3577,"comment_status":"open","ping_status":"closed","template":"","meta":[],"product_brand":[],"product_cat":[76],"product_tag":[1405],"class_list":{"0":"post-356","1":"product","2":"type-product","3":"status-publish","4":"has-post-thumbnail","6":"product_cat-bond-no-9","7":"product_tag-unisex","9":"first","10":"instock","11":"shipping-taxable","12":"product-type-simple"},"_links":{"self":[{"href":"https:\/\/divainers.com\/da\/wp-json\/wp\/v2\/product\/356","targetHints":{"allow":["GET"]}}],"collection":[{"href":"https:\/\/divainers.com\/da\/wp-json\/wp\/v2\/product"}],"about":[{"href":"https:\/\/divainers.com\/da\/wp-json\/wp\/v2\/types\/product"}],"replies":[{"embeddable":true,"href":"https:\/\/divainers.com\/da\/wp-json\/wp\/v2\/comments?post=356"}],"wp:featuredmedia":[{"embeddable":true,"href":"https:\/\/divainers.com\/da\/wp-json\/wp\/v2\/media\/3577"}],"wp:attachment":[{"href":"https:\/\/divainers.com\/da\/wp-json\/wp\/v2\/media?parent=356"}],"wp:term":[{"taxonomy":"product_brand","embeddable":true,"href":"https:\/\/divainers.com\/da\/wp-json\/wp\/v2\/product_brand?post=356"},{"taxonomy":"product_cat","embeddable":true,"href":"https:\/\/divainers.com\/da\/wp-json\/wp\/v2\/product_cat?post=356"},{"taxonomy":"product_tag","embeddable":true,"href":"https:\/\/divainers.com\/da\/wp-json\/wp\/v2\/product_tag?post=356"}],"curies":[{"name":"wp","href":"https:\/\/api.w.org\/{rel}","templated":true}]}}