{"id":3866,"date":"2025-07-07T10:31:22","date_gmt":"2025-07-07T08:31:22","guid":{"rendered":"https:\/\/divainers.com\/?post_type=product&#038;p=3866"},"modified":"2026-04-30T16:06:28","modified_gmt":"2026-04-30T14:06:28","slug":"divain-486","status":"publish","type":"product","link":"https:\/\/divainers.com\/da\/producto\/divain-486\/","title":{"rendered":"divain.486"},"content":{"rendered":"<p>Zamislite toplu, sna\u017enu i gotovo misti\u010dnu mirisnu notu, gdje se intenzitet duhana mije\u0161a sa za\u010dinskim srcem koje uklju\u010duje cimet, kardamom i ru\u017ei\u010dasti papar, daju\u0107i mirisu tamnu i duboko mu\u017eevnu vibraciju. Kako se razvija, pojavljuju se jantarne i slatke note \u2014 poput bourbon vanilije i balzama \u2014 koje omek\u0161avaju njegov karakter bez gubitka snage. Rezultat je obavijaju\u0107i, bogat i elegantan trag, idealan za one koji tra\u017ee esenciju koja ostavlja dojam sofisticiranosti i no\u0107ne prisutnosti.<\/p>\n","protected":false},"excerpt":{"rendered":"<p>Podsje\u0107a na Centaurus od Creed<\/p>\n","protected":false},"featured_media":15489,"comment_status":"closed","ping_status":"closed","template":"","meta":[],"product_brand":[],"product_cat":[2271],"product_tag":[1412],"class_list":{"0":"post-3866","1":"product","2":"type-product","3":"status-publish","4":"has-post-thumbnail","6":"product_cat-creed","7":"product_tag-unisex","9":"first","10":"instock","11":"shipping-taxable","12":"product-type-simple"},"_links":{"self":[{"href":"https:\/\/divainers.com\/da\/wp-json\/wp\/v2\/product\/3866","targetHints":{"allow":["GET"]}}],"collection":[{"href":"https:\/\/divainers.com\/da\/wp-json\/wp\/v2\/product"}],"about":[{"href":"https:\/\/divainers.com\/da\/wp-json\/wp\/v2\/types\/product"}],"replies":[{"embeddable":true,"href":"https:\/\/divainers.com\/da\/wp-json\/wp\/v2\/comments?post=3866"}],"wp:featuredmedia":[{"embeddable":true,"href":"https:\/\/divainers.com\/da\/wp-json\/wp\/v2\/media\/15489"}],"wp:attachment":[{"href":"https:\/\/divainers.com\/da\/wp-json\/wp\/v2\/media?parent=3866"}],"wp:term":[{"taxonomy":"product_brand","embeddable":true,"href":"https:\/\/divainers.com\/da\/wp-json\/wp\/v2\/product_brand?post=3866"},{"taxonomy":"product_cat","embeddable":true,"href":"https:\/\/divainers.com\/da\/wp-json\/wp\/v2\/product_cat?post=3866"},{"taxonomy":"product_tag","embeddable":true,"href":"https:\/\/divainers.com\/da\/wp-json\/wp\/v2\/product_tag?post=3866"}],"curies":[{"name":"wp","href":"https:\/\/api.w.org\/{rel}","templated":true}]}}