{"id":435,"date":"2025-01-31T08:32:02","date_gmt":"2025-01-31T07:32:02","guid":{"rendered":"https:\/\/divainers.com\/producto\/divain-055\/"},"modified":"2026-03-16T16:07:21","modified_gmt":"2026-03-16T15:07:21","slug":"divain-055","status":"publish","type":"product","link":"https:\/\/divainers.com\/da\/producto\/divain-055\/","title":{"rendered":"divain.055"},"content":{"rendered":"<p>Un aroma elegante y sofisticado que equilibra frescura y calidez con un toque de dulzura envolvente. Su apertura vibrante de bergamota y pomelo aporta una sensaci\u00f3n c\u00edtrica y luminosa, mientras un coraz\u00f3n floral y especiado de rosa, jazm\u00edn y canela a\u00f1ade profundidad y car\u00e1cter. En el fondo, la vainilla, el pralin\u00e9 y las maderas aportan una estela c\u00e1lida y seductora, perfecta para la mujer moderna, carism\u00e1tica y con un estilo inconfundible.<\/p>\n","protected":false},"excerpt":{"rendered":"<p>Recuerda a CH de Carolina Herrera<\/p>\n","protected":false},"featured_media":3529,"comment_status":"open","ping_status":"closed","template":"","meta":[],"product_brand":[],"product_cat":[1532],"product_tag":[1454],"class_list":{"0":"post-435","1":"product","2":"type-product","3":"status-publish","4":"has-post-thumbnail","6":"product_cat-carolina-herrera","7":"product_tag-nok","9":"first","10":"instock","11":"shipping-taxable","12":"product-type-simple"},"_links":{"self":[{"href":"https:\/\/divainers.com\/da\/wp-json\/wp\/v2\/product\/435","targetHints":{"allow":["GET"]}}],"collection":[{"href":"https:\/\/divainers.com\/da\/wp-json\/wp\/v2\/product"}],"about":[{"href":"https:\/\/divainers.com\/da\/wp-json\/wp\/v2\/types\/product"}],"replies":[{"embeddable":true,"href":"https:\/\/divainers.com\/da\/wp-json\/wp\/v2\/comments?post=435"}],"wp:featuredmedia":[{"embeddable":true,"href":"https:\/\/divainers.com\/da\/wp-json\/wp\/v2\/media\/3529"}],"wp:attachment":[{"href":"https:\/\/divainers.com\/da\/wp-json\/wp\/v2\/media?parent=435"}],"wp:term":[{"taxonomy":"product_brand","embeddable":true,"href":"https:\/\/divainers.com\/da\/wp-json\/wp\/v2\/product_brand?post=435"},{"taxonomy":"product_cat","embeddable":true,"href":"https:\/\/divainers.com\/da\/wp-json\/wp\/v2\/product_cat?post=435"},{"taxonomy":"product_tag","embeddable":true,"href":"https:\/\/divainers.com\/da\/wp-json\/wp\/v2\/product_tag?post=435"}],"curies":[{"name":"wp","href":"https:\/\/api.w.org\/{rel}","templated":true}]}}