{"id":440,"date":"2025-01-31T08:32:04","date_gmt":"2025-01-31T07:32:04","guid":{"rendered":"https:\/\/divainers.com\/producto\/divain-164\/"},"modified":"2026-03-16T16:07:22","modified_gmt":"2026-03-16T15:07:22","slug":"divain-164","status":"publish","type":"product","link":"https:\/\/divainers.com\/da\/producto\/divain-164\/","title":{"rendered":"divain.164"},"content":{"rendered":"<p>Un aroma chic y sofisticado que captura la esencia de la diversi\u00f3n y la elegancia contempor\u00e1nea. Su apertura luminosa de champagne ros\u00e9 y frutas ex\u00f3ticas aporta un frescor vibrante y glamuroso. En el coraz\u00f3n, el durazno y un delicado bouquet floral envuelven los sentidos con su feminidad aterciopelada. En el fondo, el almizcle blanco, la madera y el \u00e1mbar crean una estela c\u00e1lida y seductora, perfecta para la mujer carism\u00e1tica, elegante y con un esp\u00edritu festivo que deja huella en cada ocasi\u00f3n especial.<\/p>\n","protected":false},"excerpt":{"rendered":"<p>Recuerda a 212 vip rose de Carolina Herrera<\/p>\n","protected":false},"featured_media":3644,"comment_status":"open","ping_status":"closed","template":"","meta":[],"product_brand":[],"product_cat":[1525],"product_tag":[1434],"class_list":{"0":"post-440","1":"product","2":"type-product","3":"status-publish","4":"has-post-thumbnail","6":"product_cat-carolina-herrera","7":"product_tag-zene","9":"first","10":"instock","11":"shipping-taxable","12":"product-type-simple"},"_links":{"self":[{"href":"https:\/\/divainers.com\/da\/wp-json\/wp\/v2\/product\/440","targetHints":{"allow":["GET"]}}],"collection":[{"href":"https:\/\/divainers.com\/da\/wp-json\/wp\/v2\/product"}],"about":[{"href":"https:\/\/divainers.com\/da\/wp-json\/wp\/v2\/types\/product"}],"replies":[{"embeddable":true,"href":"https:\/\/divainers.com\/da\/wp-json\/wp\/v2\/comments?post=440"}],"wp:featuredmedia":[{"embeddable":true,"href":"https:\/\/divainers.com\/da\/wp-json\/wp\/v2\/media\/3644"}],"wp:attachment":[{"href":"https:\/\/divainers.com\/da\/wp-json\/wp\/v2\/media?parent=440"}],"wp:term":[{"taxonomy":"product_brand","embeddable":true,"href":"https:\/\/divainers.com\/da\/wp-json\/wp\/v2\/product_brand?post=440"},{"taxonomy":"product_cat","embeddable":true,"href":"https:\/\/divainers.com\/da\/wp-json\/wp\/v2\/product_cat?post=440"},{"taxonomy":"product_tag","embeddable":true,"href":"https:\/\/divainers.com\/da\/wp-json\/wp\/v2\/product_tag?post=440"}],"curies":[{"name":"wp","href":"https:\/\/api.w.org\/{rel}","templated":true}]}}