{"id":502,"date":"2025-01-31T08:32:11","date_gmt":"2025-01-31T07:32:11","guid":{"rendered":"https:\/\/divainers.com\/producto\/divain-015\/"},"modified":"2026-03-16T16:07:27","modified_gmt":"2026-03-16T15:07:27","slug":"divain-015","status":"publish","type":"product","link":"https:\/\/divainers.com\/da\/producto\/divain-015\/","title":{"rendered":"divain.015"},"content":{"rendered":"<p>Un aroma poderoso y audaz que encarna la determinaci\u00f3n y la confianza en uno mismo. La frescura vibrante del lim\u00f3n y la mandarina se fusiona con un coraz\u00f3n magn\u00e9tico de cedro y cilantro, aportando un toque especiado y varonil. En el fondo, el \u00e1mbar, el cuero y el estoraque crean una estela c\u00e1lida e intensa, dejando una huella inconfundible de car\u00e1cter y fuerza. Perfecto para el hombre que se atreve a marcar su propio camino.<\/p>\n","protected":false},"excerpt":{"rendered":"<p>Recuerda a Only The Brave de Diesel<\/p>\n","protected":false},"featured_media":3444,"comment_status":"open","ping_status":"closed","template":"","meta":[],"product_brand":[],"product_cat":[2374],"product_tag":[1343],"class_list":{"0":"post-502","1":"product","2":"type-product","3":"status-publish","4":"has-post-thumbnail","6":"product_cat-diesel","7":"product_tag-hommes","9":"first","10":"instock","11":"shipping-taxable","12":"product-type-simple"},"_links":{"self":[{"href":"https:\/\/divainers.com\/da\/wp-json\/wp\/v2\/product\/502","targetHints":{"allow":["GET"]}}],"collection":[{"href":"https:\/\/divainers.com\/da\/wp-json\/wp\/v2\/product"}],"about":[{"href":"https:\/\/divainers.com\/da\/wp-json\/wp\/v2\/types\/product"}],"replies":[{"embeddable":true,"href":"https:\/\/divainers.com\/da\/wp-json\/wp\/v2\/comments?post=502"}],"wp:featuredmedia":[{"embeddable":true,"href":"https:\/\/divainers.com\/da\/wp-json\/wp\/v2\/media\/3444"}],"wp:attachment":[{"href":"https:\/\/divainers.com\/da\/wp-json\/wp\/v2\/media?parent=502"}],"wp:term":[{"taxonomy":"product_brand","embeddable":true,"href":"https:\/\/divainers.com\/da\/wp-json\/wp\/v2\/product_brand?post=502"},{"taxonomy":"product_cat","embeddable":true,"href":"https:\/\/divainers.com\/da\/wp-json\/wp\/v2\/product_cat?post=502"},{"taxonomy":"product_tag","embeddable":true,"href":"https:\/\/divainers.com\/da\/wp-json\/wp\/v2\/product_tag?post=502"}],"curies":[{"name":"wp","href":"https:\/\/api.w.org\/{rel}","templated":true}]}}